{"id":1526,"date":"2023-09-19T14:55:05","date_gmt":"2023-09-19T14:55:05","guid":{"rendered":"https:\/\/benigal.eu\/?post_type=product&#038;p=1526"},"modified":"2023-09-23T11:11:09","modified_gmt":"2023-09-23T11:11:09","slug":"fundo-fotografia-video-verde-15-x-2m-pregavel-pura-musselina-3-clipe","status":"publish","type":"product","link":"https:\/\/benigal.eu\/index.php\/product\/fundo-fotografia-video-verde-15-x-2m-pregavel-pura-musselina-3-clipe\/","title":{"rendered":"Fundo Fotografia Verde 1,5 x 2M, Preg\u00e1vel Pura Musselina 3 clipe"},"content":{"rendered":"<p>Fundo fotogr\u00e1fico profissional 1,5 x 2 m, 100% puro pano de fundo de est\u00fadio fotogr\u00e1fico de musselina dobr\u00e1vel para fotografia, v\u00eddeo e televis\u00e3o, verde, inclui apenas o fundo e 3 clipes.<\/p>\n<p>Material: Feito de material 100% algod\u00e3o, menos rugas do que o fundo de outros materiais e mais f\u00e1cil de restaurar. Clip: feito de pl\u00e1stico, textura leve e dur\u00e1vel, com grande for\u00e7a de fixa\u00e7\u00e3o.<\/p>\n<p>Resistente \u00e0 luz e \u00e0 abras\u00e3o. Dimens\u00f5es: 1,5 x 2 m, leve (aproximadamente 300 g), n\u00e3o abrasivo, adequado para sess\u00f5es profissionais em est\u00fadio fotogr\u00e1fico. Forne\u00e7a resultados de grava\u00e7\u00e3o de alta qualidade.<\/p>\n<p>T\u00e1bua de passar e lav\u00e1vel na m\u00e1quina. Passar a ferro a vapor \u00e9 melhor quando necess\u00e1rio. Se houver manchas, \u00e9 recomend\u00e1vel lavar as m\u00e3os.<\/p>\n<p>Design do saco de barra: o design da bolsa de barra permite cobrir ou pendurar a parte inferior sobre a barra transversal. As bordas foram trabalhadas para evitar quebras.<\/p>\n<p>Obs. : O tecido de fundo \u00e9 dobrado durante muito tempo, causando algumas rugas. Voc\u00ea pode usar ferro para passar ou pendurar por um tempo para restaur\u00e1-lo. Pode limp\u00e1-lo suavemente com um pano h\u00famido escorrido.<\/p>\n","protected":false},"excerpt":{"rendered":"<p>Fundo fotogr\u00e1fico profissional 1,5 x 2 m, 100% puro pano de fundo de est\u00fadio fotogr\u00e1fico de musselina dobr\u00e1vel para fotografia, v\u00eddeo e televis\u00e3o, verde, inclui apenas o fundo e 3 clipes.<\/p>\n","protected":false},"featured_media":2007,"template":"","meta":[],"product_cat":[15,55],"product_tag":[],"jetpack_sharing_enabled":true,"_links":{"self":[{"href":"https:\/\/benigal.eu\/index.php\/wp-json\/wp\/v2\/product\/1526"}],"collection":[{"href":"https:\/\/benigal.eu\/index.php\/wp-json\/wp\/v2\/product"}],"about":[{"href":"https:\/\/benigal.eu\/index.php\/wp-json\/wp\/v2\/types\/product"}],"wp:featuredmedia":[{"embeddable":true,"href":"https:\/\/benigal.eu\/index.php\/wp-json\/wp\/v2\/media\/2007"}],"wp:attachment":[{"href":"https:\/\/benigal.eu\/index.php\/wp-json\/wp\/v2\/media?parent=1526"}],"wp:term":[{"taxonomy":"product_cat","embeddable":true,"href":"https:\/\/benigal.eu\/index.php\/wp-json\/wp\/v2\/product_cat?post=1526"},{"taxonomy":"product_tag","embeddable":true,"href":"https:\/\/benigal.eu\/index.php\/wp-json\/wp\/v2\/product_tag?post=1526"}],"curies":[{"name":"wp","href":"https:\/\/api.w.org\/{rel}","templated":true}]}}