{"id":1532,"date":"2023-09-19T15:58:53","date_gmt":"2023-09-19T15:58:53","guid":{"rendered":"https:\/\/benigal.eu\/?post_type=product&#038;p=1532"},"modified":"2023-09-20T10:28:04","modified_gmt":"2023-09-20T10:28:04","slug":"retevis-rt388-walkie-talkie-radios-lanterna-campismo-brinquedo-menino","status":"publish","type":"product","link":"https:\/\/benigal.eu\/index.php\/product\/retevis-rt388-walkie-talkie-radios-lanterna-campismo-brinquedo-menino\/","title":{"rendered":"Retevis RT388 Walkie Talkie R\u00e1dios"},"content":{"rendered":"<p>Retevis RT388 Walkie Talkie crian\u00e7as, brinquedos de longo alcance de 3 a 12 anos, lanterna LCD recarreg\u00e1vel de 8 canais, presentes para acampamento, aventura, caminhada (1 par, azul).<\/p>\n<p>8 canais 99 CTCSS \/ DCS, as crian\u00e7as podem escolher um canal de comunica\u00e7\u00e3o privado; mantenha alguns segredos legais com seus amigos ou explore o mundo exterior e ganhe autoconfian\u00e7a e habilidades sociais.<\/p>\n<p>Corpo compacto e robusto; Material dur\u00e1vel e ecol\u00f3gico pequeno e leve (apenas 79 g) 1,2 m. Anti queda para crian\u00e7as.<\/p>\n<p>Longo alcance com sinal est\u00e1vel; transmissor poderoso e alta sensibilidade de rece\u00e7\u00e3o melhoram a estabilidade do sinal; os pais podem monitorar a situa\u00e7\u00e3o da crian\u00e7a em tempo real para evitar que ela desmaie; perfeito para atividades ao ar livre.<\/p>\n<p>Volume ajust\u00e1vel e qualidade de som n\u00edtida; a fun\u00e7\u00e3o de silenciamento autom\u00e1tico pode reduzir o ru\u00eddo de fundo; ajuda a obter tons claros, mesmo se voc\u00ea ficar em um lugar lotado.<\/p>\n<p>Lanterna LED; lanterna infantil em cima do walky talky; Concebido para jogos ou trabalho noturno; Ilumina a estrada distante no escuro e tamb\u00e9m pode ser usada como luz de emerg\u00eancia; tornar a intera\u00e7\u00e3o pai-filho mais interessante.<\/p>\n<p>Fechadura com chave; funciona para as crian\u00e7as permanecerem no mesmo canal enquanto brincam; evitar que as crian\u00e7as mudem de canal.<\/p>\n<p>&nbsp;<\/p>\n","protected":false},"excerpt":{"rendered":"<p>Retevis RT388 Walkie Talkie R\u00e1dios Lanterna Lcd (1 Par Azul)<\/p>\n","protected":false},"featured_media":1631,"template":"","meta":[],"product_cat":[60,56,55],"product_tag":[],"jetpack_sharing_enabled":true,"_links":{"self":[{"href":"https:\/\/benigal.eu\/index.php\/wp-json\/wp\/v2\/product\/1532"}],"collection":[{"href":"https:\/\/benigal.eu\/index.php\/wp-json\/wp\/v2\/product"}],"about":[{"href":"https:\/\/benigal.eu\/index.php\/wp-json\/wp\/v2\/types\/product"}],"wp:featuredmedia":[{"embeddable":true,"href":"https:\/\/benigal.eu\/index.php\/wp-json\/wp\/v2\/media\/1631"}],"wp:attachment":[{"href":"https:\/\/benigal.eu\/index.php\/wp-json\/wp\/v2\/media?parent=1532"}],"wp:term":[{"taxonomy":"product_cat","embeddable":true,"href":"https:\/\/benigal.eu\/index.php\/wp-json\/wp\/v2\/product_cat?post=1532"},{"taxonomy":"product_tag","embeddable":true,"href":"https:\/\/benigal.eu\/index.php\/wp-json\/wp\/v2\/product_tag?post=1532"}],"curies":[{"name":"wp","href":"https:\/\/api.w.org\/{rel}","templated":true}]}}