{"id":1536,"date":"2023-09-19T18:37:23","date_gmt":"2023-09-19T18:37:23","guid":{"rendered":"https:\/\/benigal.eu\/?post_type=product&#038;p=1536"},"modified":"2023-09-23T13:49:19","modified_gmt":"2023-09-23T13:49:19","slug":"detetor-de-raios-acurite-06045m-com-sensor-humidade-e-temperatura","status":"publish","type":"product","link":"https:\/\/benigal.eu\/index.php\/product\/detetor-de-raios-acurite-06045m-com-sensor-humidade-e-temperatura\/","title":{"rendered":"Detetor de raios Acurite 06045M com Sensor Humidade e Temperatura"},"content":{"rendered":"<p>Deteta raios e tempestades num raio de at\u00e9 40 km<\/p>\n<p>Marca: Acurite<\/p>\n<p>Modelo: 06045M<\/p>\n<p>Detecta raios e tempestades num raio de at\u00e9 40 km<\/p>\n<p>A cada raio detectado soa um alarme sonoro e luz de advert\u00eancia<\/p>\n<p>Sensor resistente a intemp\u00e9ries<\/p>\n<p>F\u00e1cil instala\u00e7\u00e3o, inclui cabide integrado<\/p>\n<p>Transmite leituras a cada 24 segundos em condi\u00e7\u00f5es normais e a cada 8 segundos se detectados rel\u00e2mpagos<\/p>\n<p>Alcance do sinal sem fio: 100 metros<\/p>\n<p>Quando emparelhado com um mostrador digital tamb\u00e9m mede temperatura e umidade<\/p>\n<p>Leitura da faixa de Temperatura: -40 a 70 graus Celsius<\/p>\n<p>Leitura da Faixa de Humidade: 1% a 99% de Humidade Relativa<\/p>\n<p>Alimenta\u00e7\u00e3o: 4 pilhas alcalinas AA (n\u00e3o inclu\u00eddas)<\/p>\n<p>Tamanho: 14,7 cm de altura x 6,6 cm de largura<\/p>\n<p>Funciona apenas integrado aos monitores Acurite: 01021, 01022, 01024, 02080, 06046, 06047, 01535<\/p>\n","protected":false},"excerpt":{"rendered":"<p>Detetor de raios Acurite 06045M com Sensor Humidade e Temperatura<\/p>\n","protected":false},"featured_media":2058,"template":"","meta":[],"product_cat":[62,55],"product_tag":[],"jetpack_sharing_enabled":true,"_links":{"self":[{"href":"https:\/\/benigal.eu\/index.php\/wp-json\/wp\/v2\/product\/1536"}],"collection":[{"href":"https:\/\/benigal.eu\/index.php\/wp-json\/wp\/v2\/product"}],"about":[{"href":"https:\/\/benigal.eu\/index.php\/wp-json\/wp\/v2\/types\/product"}],"wp:featuredmedia":[{"embeddable":true,"href":"https:\/\/benigal.eu\/index.php\/wp-json\/wp\/v2\/media\/2058"}],"wp:attachment":[{"href":"https:\/\/benigal.eu\/index.php\/wp-json\/wp\/v2\/media?parent=1536"}],"wp:term":[{"taxonomy":"product_cat","embeddable":true,"href":"https:\/\/benigal.eu\/index.php\/wp-json\/wp\/v2\/product_cat?post=1536"},{"taxonomy":"product_tag","embeddable":true,"href":"https:\/\/benigal.eu\/index.php\/wp-json\/wp\/v2\/product_tag?post=1536"}],"curies":[{"name":"wp","href":"https:\/\/api.w.org\/{rel}","templated":true}]}}