{"id":1537,"date":"2023-09-19T19:13:06","date_gmt":"2023-09-19T19:13:06","guid":{"rendered":"https:\/\/benigal.eu\/?post_type=product&#038;p=1537"},"modified":"2023-09-23T14:32:35","modified_gmt":"2023-09-23T14:32:35","slug":"cabo-hdmi-extensao-macho-femea-tv-4k-conector-ouro","status":"publish","type":"product","link":"https:\/\/benigal.eu\/index.php\/product\/cabo-hdmi-extensao-macho-femea-tv-4k-conector-ouro\/","title":{"rendered":"Cabo HDMI Extens\u00e3o Macho &#8211; Femea &#8211; TV- 4k &#8211; Conector Ouro"},"content":{"rendered":"<p>Cabo de extens\u00e3o HDMI High Speed com Ethernet, com conectores macho-f\u00eamea.<\/p>\n<p>Constru\u00eddo com materiais de alta qualidade, assegura uma transmiss\u00e3o livre de interfer\u00eancias.<\/p>\n<p>Ideal para a liga\u00e7\u00e3o de equipamento \u00e1udio\/v\u00eddeo com a maior fiabilidade.<\/p>\n<p>\u2022 Vers\u00e3o HDMI: High Speed com Ethernet<\/p>\n<p>\u2022 Di\u00e2metro do condutor: 30 AWG<\/p>\n<p>\u2022 Conector HDMI macho: 1<\/p>\n<p>\u2022 Conector HDMI f\u00eamea: 1<\/p>\n<p>\u2022 Cor: Preto<\/p>\n","protected":false},"excerpt":{"rendered":"<p>Cabo HDMI Extens\u00e3o Macho &#8211; Femea &#8211; TV- 4k &#8211; Conector Ouro<\/p>\n","protected":false},"featured_media":2061,"template":"","meta":[],"product_cat":[55],"product_tag":[],"jetpack_sharing_enabled":true,"_links":{"self":[{"href":"https:\/\/benigal.eu\/index.php\/wp-json\/wp\/v2\/product\/1537"}],"collection":[{"href":"https:\/\/benigal.eu\/index.php\/wp-json\/wp\/v2\/product"}],"about":[{"href":"https:\/\/benigal.eu\/index.php\/wp-json\/wp\/v2\/types\/product"}],"wp:featuredmedia":[{"embeddable":true,"href":"https:\/\/benigal.eu\/index.php\/wp-json\/wp\/v2\/media\/2061"}],"wp:attachment":[{"href":"https:\/\/benigal.eu\/index.php\/wp-json\/wp\/v2\/media?parent=1537"}],"wp:term":[{"taxonomy":"product_cat","embeddable":true,"href":"https:\/\/benigal.eu\/index.php\/wp-json\/wp\/v2\/product_cat?post=1537"},{"taxonomy":"product_tag","embeddable":true,"href":"https:\/\/benigal.eu\/index.php\/wp-json\/wp\/v2\/product_tag?post=1537"}],"curies":[{"name":"wp","href":"https:\/\/api.w.org\/{rel}","templated":true}]}}