{"id":1538,"date":"2023-09-19T19:22:52","date_gmt":"2023-09-19T19:22:52","guid":{"rendered":"https:\/\/benigal.eu\/?post_type=product&#038;p=1538"},"modified":"2023-09-23T14:40:04","modified_gmt":"2023-09-23T14:40:04","slug":"adaptador-de-corrente-para-o-sistema-americano-2-pinos-eletricidade","status":"publish","type":"product","link":"https:\/\/benigal.eu\/index.php\/product\/adaptador-de-corrente-para-o-sistema-americano-2-pinos-eletricidade\/","title":{"rendered":"Adaptador de corrente para o sistema americano"},"content":{"rendered":"<p>Adaptador dos EUA para a UE, 2 pinos CN China EUA EUA para 2 pinos UE Fran\u00e7a, Alemanha, Espanha, Egito e mais &#8211; Branco<\/p>\n<p>Adaptador Universal Travel Plug dos EUA para EURO, Converter CA US Plug (2 pinos chatos) para Europeu (2 pinos redondos) Conversor Adaptador US American Chinese Plug para EU European Spain.<\/p>\n<p>Simples e f\u00e1cil de usar, basta conect\u00e1-lo e jogar diretamente. Design perfeito para viajantes e usu\u00e1rios dom\u00e9sticos.<\/p>\n<p>Este produto n\u00e3o converte voltagem el\u00e9trica. Ele apenas converte o adaptador e n\u00e3o converte a voltagem no dispositivo.<\/p>\n<p>As interfaces internas de metal fornecem melhor condutividade e carga r\u00e1pida.<\/p>\n","protected":false},"excerpt":{"rendered":"<p><span class=\"Y2IQFc\" lang=\"pt\">Adaptador dos EUA para a UE, 2 pinos CN China EUA EUA para 2 pinos UE<\/span><\/p>\n","protected":false},"featured_media":2063,"template":"","meta":[],"product_cat":[15,62,58,55],"product_tag":[],"jetpack_sharing_enabled":true,"_links":{"self":[{"href":"https:\/\/benigal.eu\/index.php\/wp-json\/wp\/v2\/product\/1538"}],"collection":[{"href":"https:\/\/benigal.eu\/index.php\/wp-json\/wp\/v2\/product"}],"about":[{"href":"https:\/\/benigal.eu\/index.php\/wp-json\/wp\/v2\/types\/product"}],"wp:featuredmedia":[{"embeddable":true,"href":"https:\/\/benigal.eu\/index.php\/wp-json\/wp\/v2\/media\/2063"}],"wp:attachment":[{"href":"https:\/\/benigal.eu\/index.php\/wp-json\/wp\/v2\/media?parent=1538"}],"wp:term":[{"taxonomy":"product_cat","embeddable":true,"href":"https:\/\/benigal.eu\/index.php\/wp-json\/wp\/v2\/product_cat?post=1538"},{"taxonomy":"product_tag","embeddable":true,"href":"https:\/\/benigal.eu\/index.php\/wp-json\/wp\/v2\/product_tag?post=1538"}],"curies":[{"name":"wp","href":"https:\/\/api.w.org\/{rel}","templated":true}]}}