{"id":1540,"date":"2023-09-19T19:42:34","date_gmt":"2023-09-19T19:42:34","guid":{"rendered":"https:\/\/benigal.eu\/?post_type=product&#038;p=1540"},"modified":"2024-03-12T12:08:33","modified_gmt":"2024-03-12T12:08:33","slug":"luz-led-regulavel-com-suporte-de-tripe-ajustavel-e-filtro-tik-tok-aro","status":"publish","type":"product","link":"https:\/\/benigal.eu\/index.php\/product\/luz-led-regulavel-com-suporte-de-tripe-ajustavel-e-filtro-tik-tok-aro\/","title":{"rendered":"Luz LED regul\u00e1vel com suporte de trip\u00e9 ajust\u00e1vel e filtros"},"content":{"rendered":"<p>Kit de Ilumina\u00e7\u00e3o Led de uso m\u00faltiplo: a pequena luz do painel LED (14 x 9,5 cm) pode ser ajustada em 180 graus, atendendo \u00e0s suas diferentes demandas num \u00e2ngulo adequado; o seu brilho pode ser ajustado de 10 a 100 %, e as l\u00e2mpadas LED economizadoras de energia podem fornecer a ilumina\u00e7\u00e3o superior de que precisa em diferentes circunst\u00e2ncias; desenhado com um tomada USB conveniente, pode Conecte-o no seu PC de secret\u00e1ria, alimenta\u00e7\u00e3o m\u00f3vel, tomada de carregamento a qualquer momento que desejar.<\/p>\n<p>Efeito de design opcional: Vem com 4 filtros de cores (branco, vermelho, amarelo e azul), podem fornecer uma ilumina\u00e7\u00e3o mais suave e colorida; pode alterar a cor da luz atrav\u00e9s dos 4 tipos de filtros para criar \u00f3timas fotos e v\u00eddeos (Nota: os filtros de cores devem ser usados com o difusor branco. Insira o difusor branco primeiro e coloque-o em outro filtro de cor).<\/p>\n<p>Suporte de trip\u00e9 m\u00faltiplo: Com uma altura de trabalho est\u00e1vel (8 cm), o mini trip\u00e9 pode ser conectado diretamente ao painel de luz para fornecer ilumina\u00e7\u00e3o de posi\u00e7\u00e3o ultra baixa; tamb\u00e9m pode ser conectado com a haste de extens\u00e3o de 2 sec\u00e7\u00f5es com uma altura de 25 a 34 cm; pode ser dobrado, leve e port\u00e1til para armazenar e transportar; Feito de ABS, o trip\u00e9 pode suportar 11 kg no m\u00e1ximo, muito est\u00e1vel para suportar o painel sem cambalear.<\/p>\n<p>Ampla aplica\u00e7\u00e3o: Pode ser usado como candeeiro de mesa ou candeeiro de p\u00e9 como desejar. Adequado para sala de estar, sala de estudo, quarto de beb\u00e9, casa de banho, escrit\u00f3rio, est\u00fadio, etc. Perfeito para fotografia de v\u00eddeo do youtube de retratos de produtos.<\/p>\n<p>A embalagem inclui: Painel de luz LED USB com cabo USB, suporte para trip\u00e9, filtro branco, filtro vermelho, filtro amarelo, filtro azul; (Nota: Saco de transporte n\u00e3o est\u00e1 inclu\u00eddo).<\/p>\n<p>&nbsp;<\/p>\n","protected":false},"excerpt":{"rendered":"<p>Painel de luz LED USB com cabo USB, suporte para trip\u00e9, filtro branco, filtro vermelho, filtro amarelo, filtro azul<\/p>\n","protected":false},"featured_media":2072,"template":"","meta":[],"product_cat":[62,55],"product_tag":[],"jetpack_sharing_enabled":true,"_links":{"self":[{"href":"https:\/\/benigal.eu\/index.php\/wp-json\/wp\/v2\/product\/1540"}],"collection":[{"href":"https:\/\/benigal.eu\/index.php\/wp-json\/wp\/v2\/product"}],"about":[{"href":"https:\/\/benigal.eu\/index.php\/wp-json\/wp\/v2\/types\/product"}],"wp:featuredmedia":[{"embeddable":true,"href":"https:\/\/benigal.eu\/index.php\/wp-json\/wp\/v2\/media\/2072"}],"wp:attachment":[{"href":"https:\/\/benigal.eu\/index.php\/wp-json\/wp\/v2\/media?parent=1540"}],"wp:term":[{"taxonomy":"product_cat","embeddable":true,"href":"https:\/\/benigal.eu\/index.php\/wp-json\/wp\/v2\/product_cat?post=1540"},{"taxonomy":"product_tag","embeddable":true,"href":"https:\/\/benigal.eu\/index.php\/wp-json\/wp\/v2\/product_tag?post=1540"}],"curies":[{"name":"wp","href":"https:\/\/api.w.org\/{rel}","templated":true}]}}