{"id":1542,"date":"2023-09-19T20:37:18","date_gmt":"2023-09-19T20:37:18","guid":{"rendered":"https:\/\/benigal.eu\/?post_type=product&#038;p=1542"},"modified":"2024-12-06T12:02:15","modified_gmt":"2024-12-06T12:02:15","slug":"kit-de-iluminacao-profissional-para-fotografia-e-video-tik-tok-aro","status":"publish","type":"product","link":"https:\/\/benigal.eu\/index.php\/product\/kit-de-iluminacao-profissional-para-fotografia-e-video-tik-tok-aro\/","title":{"rendered":"Kit de ilumina\u00e7\u00e3o Profissional para fotografia e v\u00eddeo"},"content":{"rendered":"<p>O kit de ilumina\u00e7\u00e3o OMBAR tem uma caixa de luz de 50 x 70 cm com uma \u00e1rea maior que pode mostrar um efeito extraordin\u00e1rio de luz sem sombras duras.<\/p>\n<p>Reduz as sombras e reflete ao mesmo tempo. Oferece uma experi\u00eancia mais profissional.<\/p>\n<p>1 x 135 W 5500 K CLF L\u00e2mpada fotogr\u00e1fica com rosca E27 com temperatura de cor 135 W 5500 K.<\/p>\n<p>Est\u00e1 pr\u00f3xima \u00e0 luz natural, a luz \u00e9 muito sentido e a reprodu\u00e7\u00e3o da cor da imagem do produto \u00e9 muito alta e muito real.<\/p>\n<p>E alto desempenho, baixo consumo de energia, o que pode satisfazer as suas necessidades fotogr\u00e1ficas.<\/p>\n<p>(Para evitar queimaduras ap\u00f3s uso prolongado, remova a l\u00e2mpada ap\u00f3s arrefecer durante meia hora e evite que o suporte da l\u00e2mpada tor\u00e7a ou rompa!)<\/p>\n<p>Material de poli\u00e9ster de alta qualidade: a placa de relevo de nylon tem um padr\u00e3o de pedra em relevo que pode distribuir em grande parte a luz.<\/p>\n<p>Portanto, o softbox para fotografia pode emitir um feixe de luz suave e remover sombras para um efeito de disparo perfeito.<\/p>\n<p>Tamb\u00e9m pode reduzir a exposi\u00e7\u00e3o excessiva e os pontos quentes para tirar as melhores fotos.<\/p>\n<p>\u00c2ngulo vari\u00e1vel: com a ajuda de um cadeado independente, a caixa de luz pode ser girada 210 \u00b0 para satisfazer as suas diversas necessidades fotogr\u00e1ficas.<\/p>\n<p>O suporte de liga de alum\u00ednio proporciona boa estabilidade. Trip\u00e9 com altura ajust\u00e1vel de 68 cm a 200 cm, perfeito para qualquer fot\u00f3grafo e fabricado em liga de alum\u00ednio resistente.<\/p>\n<p>F\u00e1cil de carregar: pode ser instalado e removido com facilidade e rapidez.<\/p>\n<p>Al\u00e9m disso, os nossos produtos foram submetidos a testes rigorosos de queda, n\u00e3o precisa de se preocupar com poss\u00edveis danos durante a sua viagem com a nossa foto de est\u00fadio.<\/p>\n<p>Conte\u00fado:<br \/>\n1 Softbox.<br \/>\n1 trip\u00e9,<br \/>\n1 l\u00e2mpadas LED,<br \/>\n1 bolsa de transporte (para o trip\u00e9).<\/p>\n<p>&nbsp;<\/p>\n","protected":false},"excerpt":{"rendered":"<p>Softbox Kit de ilumina\u00e7\u00e3o Profissional para fotografia e video &#8211; Tik Tok ARO<\/p>\n","protected":false},"featured_media":2114,"template":"","meta":[],"product_cat":[15,55],"product_tag":[],"jetpack_sharing_enabled":true,"_links":{"self":[{"href":"https:\/\/benigal.eu\/index.php\/wp-json\/wp\/v2\/product\/1542"}],"collection":[{"href":"https:\/\/benigal.eu\/index.php\/wp-json\/wp\/v2\/product"}],"about":[{"href":"https:\/\/benigal.eu\/index.php\/wp-json\/wp\/v2\/types\/product"}],"wp:featuredmedia":[{"embeddable":true,"href":"https:\/\/benigal.eu\/index.php\/wp-json\/wp\/v2\/media\/2114"}],"wp:attachment":[{"href":"https:\/\/benigal.eu\/index.php\/wp-json\/wp\/v2\/media?parent=1542"}],"wp:term":[{"taxonomy":"product_cat","embeddable":true,"href":"https:\/\/benigal.eu\/index.php\/wp-json\/wp\/v2\/product_cat?post=1542"},{"taxonomy":"product_tag","embeddable":true,"href":"https:\/\/benigal.eu\/index.php\/wp-json\/wp\/v2\/product_tag?post=1542"}],"curies":[{"name":"wp","href":"https:\/\/api.w.org\/{rel}","templated":true}]}}