{"id":1543,"date":"2023-09-19T21:22:24","date_gmt":"2023-09-19T21:22:24","guid":{"rendered":"https:\/\/benigal.eu\/?post_type=product&#038;p=1543"},"modified":"2023-09-23T15:40:50","modified_gmt":"2023-09-23T15:40:50","slug":"pasta-termica-arctic-mx-4","status":"publish","type":"product","link":"https:\/\/benigal.eu\/index.php\/product\/pasta-termica-arctic-mx-4\/","title":{"rendered":"Pasta T\u00e9rmica ARCTIC MX-4"},"content":{"rendered":"<p>A pasta t\u00e9rmica ARCTIC MX-4 \u00e9 composta de micropart\u00edculas de carbono que levam a uma condutividade t\u00e9rmica extremamente alta.<br \/>\nGarante que o calor gerado pela CPU ou GPU seja dissipado de forma r\u00e1pida e eficiente.<\/p>\n<p>Detalhes t\u00e9cnicos:<br \/>\nCondutividade termal: 8,5 W\/m\u00b7K<br \/>\nDensidade: 2,5 g\/cm\u00b3<br \/>\nPeso do produto: 4g&#8221;<\/p>\n<p>Gra\u00e7as \u00e0 sua consist\u00eancia, o MX-4 \u00e9 f\u00e1cil de aplicar, mesmo para iniciantes.<br \/>\nAs possibilidades de aplica\u00e7\u00e3o e a maneira mais eficaz de aplicar o composto t\u00e9rmico para evitar intervalos de ar entre a CPU e o cooler.<\/p>\n<p>O ARCTIC MX-4 \u00e9 feito de micropart\u00edculas de carbono, que possuem condutividade t\u00e9rmica extremamente alta.<\/p>\n<p>Isso garante uma dissipa\u00e7\u00e3o de calor r\u00e1pida e eficiente da CPU ou GPU.<\/p>\n<p>Com seu excelente desempenho, o ARCTIC MX-4 \u00e9 um dos melhores compostos t\u00e9rmicos do mercado.<\/p>\n<p>O ARCTIC MX-4 \u00e9 uma pasta isenta de metais e n\u00e3o eletricamente condutora. Isso minimiza o risco de curtos-circuitos e fornece prote\u00e7\u00e3o perfeita para o seu computador. A aplica\u00e7\u00e3o uniforme \u00e9 f\u00e1cil, porque a consist\u00eancia da pasta \u00e9 ideal para uso em chips.<\/p>\n","protected":false},"excerpt":{"rendered":"<p>Pasta T\u00e9rmica ARCTIC MX-4\u00a0 <span class=\"Y2IQFc\" lang=\"pt\">Inform\u00e1tica<\/span><\/p>\n","protected":false},"featured_media":2116,"template":"","meta":[],"product_cat":[58,55],"product_tag":[65],"jetpack_sharing_enabled":true,"_links":{"self":[{"href":"https:\/\/benigal.eu\/index.php\/wp-json\/wp\/v2\/product\/1543"}],"collection":[{"href":"https:\/\/benigal.eu\/index.php\/wp-json\/wp\/v2\/product"}],"about":[{"href":"https:\/\/benigal.eu\/index.php\/wp-json\/wp\/v2\/types\/product"}],"wp:featuredmedia":[{"embeddable":true,"href":"https:\/\/benigal.eu\/index.php\/wp-json\/wp\/v2\/media\/2116"}],"wp:attachment":[{"href":"https:\/\/benigal.eu\/index.php\/wp-json\/wp\/v2\/media?parent=1543"}],"wp:term":[{"taxonomy":"product_cat","embeddable":true,"href":"https:\/\/benigal.eu\/index.php\/wp-json\/wp\/v2\/product_cat?post=1543"},{"taxonomy":"product_tag","embeddable":true,"href":"https:\/\/benigal.eu\/index.php\/wp-json\/wp\/v2\/product_tag?post=1543"}],"curies":[{"name":"wp","href":"https:\/\/api.w.org\/{rel}","templated":true}]}}