{"id":1549,"date":"2023-09-19T22:57:23","date_gmt":"2023-09-19T22:57:23","guid":{"rendered":"https:\/\/benigal.eu\/?post_type=product&#038;p=1549"},"modified":"2024-12-06T12:02:04","modified_gmt":"2024-12-06T12:02:04","slug":"compressor-de-ar-portatil-para-carro-bicicleta-12v-luz-led","status":"publish","type":"product","link":"https:\/\/benigal.eu\/index.php\/product\/compressor-de-ar-portatil-para-carro-bicicleta-12v-luz-led\/","title":{"rendered":"Compressor de ar port\u00e1til para carro 12v luz LED"},"content":{"rendered":"<p>O Compressor de ar modelo\u00a0 RAC610 pode insuflar um pneu de 13&#8243; a 2,4 bares em menos de 4,5 minutos.<\/p>\n<p>Tamb\u00e9m possui adaptadores de v\u00e1lvula para uso em pneus de bicicleta e bolas.<\/p>\n<p>F\u00e1cil de usar: Apenas um bot\u00e3o, sem ajustes complexos.<\/p>\n<p>Voc\u00ea s\u00f3 precisa ligar para come\u00e7ar a encher e desligar quando o enchimento estiver conclu\u00eddo.<\/p>\n<p>O cabo de 3 m permite alcan\u00e7ar facilmente qualquer ponto do ve\u00edculo.<\/p>\n<p>Misturado com o seu candeeiro: Liga-se diretamente \u00e0 tomada CC de 12 V (isqueiro) para f\u00e1cil manuten\u00e7\u00e3o dos pneus quando estiver fora de casa ou em viagem.<\/p>\n<p>Organiza\u00e7\u00e3o arrumada: \u00c9 pequeno e f\u00e1cil de guardar, possui um cabo e um tubo que se prendem na unidade.<\/p>\n<p>Ajustadores de v\u00e1lvula inclu\u00eddos: Inclui um kit adaptador de v\u00e1lvula de duas pe\u00e7as, para que possa usar o RAC610 para inflar pneus de bicicleta, bolas e outros pequenos elementos insufl\u00e1veis.<\/p>\n<p>&nbsp;<\/p>\n","protected":false},"excerpt":{"rendered":"<p>Compressor de ar port\u00e1til para carro \/ bicicleta -12v luz LED pneus<\/p>\n","protected":false},"featured_media":2130,"template":"","meta":[],"product_cat":[62,58,15],"product_tag":[],"jetpack_sharing_enabled":true,"_links":{"self":[{"href":"https:\/\/benigal.eu\/index.php\/wp-json\/wp\/v2\/product\/1549"}],"collection":[{"href":"https:\/\/benigal.eu\/index.php\/wp-json\/wp\/v2\/product"}],"about":[{"href":"https:\/\/benigal.eu\/index.php\/wp-json\/wp\/v2\/types\/product"}],"wp:featuredmedia":[{"embeddable":true,"href":"https:\/\/benigal.eu\/index.php\/wp-json\/wp\/v2\/media\/2130"}],"wp:attachment":[{"href":"https:\/\/benigal.eu\/index.php\/wp-json\/wp\/v2\/media?parent=1549"}],"wp:term":[{"taxonomy":"product_cat","embeddable":true,"href":"https:\/\/benigal.eu\/index.php\/wp-json\/wp\/v2\/product_cat?post=1549"},{"taxonomy":"product_tag","embeddable":true,"href":"https:\/\/benigal.eu\/index.php\/wp-json\/wp\/v2\/product_tag?post=1549"}],"curies":[{"name":"wp","href":"https:\/\/api.w.org\/{rel}","templated":true}]}}