{"id":1600,"date":"2023-09-20T08:17:32","date_gmt":"2023-09-20T08:17:32","guid":{"rendered":"https:\/\/benigal.eu\/?post_type=product&#038;p=1600"},"modified":"2023-09-20T08:18:16","modified_gmt":"2023-09-20T08:18:16","slug":"caixa-organizadora-de-dentes-crianca-menina-2","status":"publish","type":"product","link":"https:\/\/benigal.eu\/index.php\/product\/caixa-organizadora-de-dentes-crianca-menina-2\/","title":{"rendered":"Caixa organizadora de dentes crian\u00e7a Menina"},"content":{"rendered":"<p>Cada dente de leite em crescimento \u00e9 um momento precioso para si e para o seu beb\u00e9. Portanto, ter algo para o memorizar, n\u00e3o \u00e9 nada melhor do que possuir isso. Esta caixa de dentes de leite em vers\u00e3o colorida n\u00e3o \u00e9 apenas uma caixa para guardar os dentes de leite do seu beb\u00e9, mas tamb\u00e9m \u00e9 um di\u00e1rio para escrever os momentos de crescimento inesquec\u00edveis do seu beb\u00e9.<\/p>\n<p>A caixa de dentes de leite \u00e9 feita de madeira de pinho de alta qualidade, com uma fragr\u00e2ncia de madeira dur\u00e1vel, saud\u00e1vel, ecol\u00f3gica, dur\u00e1vel, n\u00e3o \u00e9 f\u00e1cil de corroer, adequada para armazenamento de dentes a longo prazo.<\/p>\n<p>Coloque os dentes dec\u00edduos em \u00e1gua a ferver durante 5 minutos para esteriliz\u00e1-los; seque-os antes de coloc\u00e1-los na caixa, verifique se eles est\u00e3o secos antes de guardar. Para manter os dentes de leite intactos para sempre.<\/p>\n<p>Pode escrever a data de anivers\u00e1rio, o nome e os melhores desejos do beb\u00e9 para registar a experi\u00eancia de crescimento. Cada dente tem um significado especial. Guarde-os na caixa de dentes e grave os momentos inesquec\u00edveis do seu beb\u00e9.<\/p>\n<p>Apar\u00eancia bonita, com avatares de desenhos animados de meninos ou meninas, dispon\u00edvel em espanhol ou ingl\u00eas, pode registar a data de nascimento e a experi\u00eancia de crescimento do beb\u00e9.<\/p>\n<p>O protetor bucal \u00e9 o presente perfeito para crian\u00e7as no Natal, Ano Novo, anivers\u00e1rio e outros festivais, pois d\u00e1 ao beb\u00e9 boas lembran\u00e7as de inf\u00e2ncia e um lar para os dentes perdidos.<\/p>\n<p>Vers\u00e3o espanhola. Material: Madeira.<\/p>\n","protected":false},"excerpt":{"rendered":"<p>Caixa organizadora de dentes crian\u00e7a Menina<\/p>\n","protected":false},"featured_media":1593,"template":"","meta":[],"product_cat":[60],"product_tag":[],"jetpack_sharing_enabled":true,"_links":{"self":[{"href":"https:\/\/benigal.eu\/index.php\/wp-json\/wp\/v2\/product\/1600"}],"collection":[{"href":"https:\/\/benigal.eu\/index.php\/wp-json\/wp\/v2\/product"}],"about":[{"href":"https:\/\/benigal.eu\/index.php\/wp-json\/wp\/v2\/types\/product"}],"wp:featuredmedia":[{"embeddable":true,"href":"https:\/\/benigal.eu\/index.php\/wp-json\/wp\/v2\/media\/1593"}],"wp:attachment":[{"href":"https:\/\/benigal.eu\/index.php\/wp-json\/wp\/v2\/media?parent=1600"}],"wp:term":[{"taxonomy":"product_cat","embeddable":true,"href":"https:\/\/benigal.eu\/index.php\/wp-json\/wp\/v2\/product_cat?post=1600"},{"taxonomy":"product_tag","embeddable":true,"href":"https:\/\/benigal.eu\/index.php\/wp-json\/wp\/v2\/product_tag?post=1600"}],"curies":[{"name":"wp","href":"https:\/\/api.w.org\/{rel}","templated":true}]}}