{"id":1607,"date":"2023-09-20T09:52:59","date_gmt":"2023-09-20T09:52:59","guid":{"rendered":"https:\/\/benigal.eu\/?post_type=product&#038;p=1607"},"modified":"2023-09-23T17:02:10","modified_gmt":"2023-09-23T17:02:10","slug":"repetidor-wireless-xiaomi-mi-range-extender-pro-wi-fi-300mbps","status":"publish","type":"product","link":"https:\/\/benigal.eu\/index.php\/product\/repetidor-wireless-xiaomi-mi-range-extender-pro-wi-fi-300mbps\/","title":{"rendered":"Xiaomi Repetidor Wireless  Mi Range Extender Pro Wi-Fi 300Mbps"},"content":{"rendered":"<p>O melhor repetidor do mercado, pois possui antenas externas, vers\u00e3o internacional.<\/p>\n<p>Wifi 300Mbps. Velocidade de transfer\u00eancia de at\u00e9 300 Mbps<\/p>\n<p>2 antenas externas. Tecnologia de conex\u00e3o avan\u00e7ada que permite garantir uma cobertura Wi-Fi fi\u00e1vel em toda a casa ou escrit\u00f3rio.<\/p>\n<p>Nenhuma &#8220;zona morta&#8221;. Quando conectado ao router sem fios, aumenta e expande o sinal at\u00e9 \u00e1reas onde o router sozinho n\u00e3o chega.<\/p>\n<p>At\u00e9 24 dispositivos. 24 dispositivos s\u00e3o as conex\u00f5es m\u00e1ximas recomendadas para uma melhor experi\u00eancia.<\/p>\n<p>Posicionamento flex\u00edvel. Uma vez conectado a um router, pode simplesmente desconect\u00e1-lo e reconect\u00e1-lo num outro local para obter a melhor qualidade e cobertura do sinal.<\/p>\n<p>F\u00e1cil de configurar. Usando a aplica\u00e7\u00e3o de inicializa\u00e7\u00e3o Mi, \u00e9 muito conveniente conectar-se a um router. Enquanto isso, \u00e9 mais simples quando o router \u00e9 um Mi Router.<\/p>\n<p>Xiaomi Mi Range Extender Pro Especifica\u00e7\u00f5es:<\/p>\n<p>CPU: MT7628K 580MHz<\/p>\n<p>ROM: 2MB<\/p>\n<p>RAM: 8MB<\/p>\n<p>Tipo de antena: 2 antenas externas<\/p>\n<p>Padr\u00f5es sem fios: IEEE 802.11b g n<br \/>\nTaxa de sinal: 2.4GHz, at\u00e9 300Mbps<br \/>\nCanal de 2,4 GHz: 1, 2, 3, .., 13<\/p>\n<p>Seguran\u00e7a sem fios: Criptografia WPA-PSK WPA2-PSK<br \/>\nFonte de alimenta\u00e7\u00e3o: 100-240V 0.35A<br \/>\nDimens\u00f5es: 80 x 54 x 70 mm<\/p>\n","protected":false},"excerpt":{"rendered":"<p>Repetidor Wireless Xiaomi Mi Range Extender Pro Wi-Fi 300Mbps<\/p>\n","protected":false},"featured_media":2145,"template":"","meta":[],"product_cat":[62,55],"product_tag":[],"jetpack_sharing_enabled":true,"_links":{"self":[{"href":"https:\/\/benigal.eu\/index.php\/wp-json\/wp\/v2\/product\/1607"}],"collection":[{"href":"https:\/\/benigal.eu\/index.php\/wp-json\/wp\/v2\/product"}],"about":[{"href":"https:\/\/benigal.eu\/index.php\/wp-json\/wp\/v2\/types\/product"}],"wp:featuredmedia":[{"embeddable":true,"href":"https:\/\/benigal.eu\/index.php\/wp-json\/wp\/v2\/media\/2145"}],"wp:attachment":[{"href":"https:\/\/benigal.eu\/index.php\/wp-json\/wp\/v2\/media?parent=1607"}],"wp:term":[{"taxonomy":"product_cat","embeddable":true,"href":"https:\/\/benigal.eu\/index.php\/wp-json\/wp\/v2\/product_cat?post=1607"},{"taxonomy":"product_tag","embeddable":true,"href":"https:\/\/benigal.eu\/index.php\/wp-json\/wp\/v2\/product_tag?post=1607"}],"curies":[{"name":"wp","href":"https:\/\/api.w.org\/{rel}","templated":true}]}}