{"id":1622,"date":"2023-09-20T10:06:12","date_gmt":"2023-09-20T10:06:12","guid":{"rendered":"https:\/\/benigal.eu\/?post_type=product&#038;p=1622"},"modified":"2024-02-03T12:49:06","modified_gmt":"2024-02-03T12:49:06","slug":"base-suporte-para-laptop-aluminio-tablets-e-telemoveis-ilha-madeira","status":"publish","type":"product","link":"https:\/\/benigal.eu\/index.php\/product\/base-suporte-para-laptop-aluminio-tablets-e-telemoveis-ilha-madeira\/","title":{"rendered":"Base Suporte para Laptop Alum\u00ednio, Tablets e Telem\u00f3veis"},"content":{"rendered":"<p>Suporte de Alum\u00ednio para Laptop<\/p>\n<p>Material: alum\u00ednio<\/p>\n<p>Ajust\u00e1vel e compat\u00edvel para qualquer modelo de laptop, para tablets e telem\u00f3veis.<\/p>\n<p>Dimens\u00f5es: 30X8X3 cm<\/p>\n<p>Melhora a postura na hora de trabalhar ou estar frente do computador.<\/p>\n<p>Vem com estojo<\/p>\n","protected":false},"excerpt":{"rendered":"<p>Base Suporte para Laptop Alum\u00ednio, Tablets e Telem\u00f3veis<\/p>\n<p>&nbsp;<\/p>\n","protected":false},"featured_media":2148,"template":"","meta":[],"product_cat":[62,55],"product_tag":[],"jetpack_sharing_enabled":true,"_links":{"self":[{"href":"https:\/\/benigal.eu\/index.php\/wp-json\/wp\/v2\/product\/1622"}],"collection":[{"href":"https:\/\/benigal.eu\/index.php\/wp-json\/wp\/v2\/product"}],"about":[{"href":"https:\/\/benigal.eu\/index.php\/wp-json\/wp\/v2\/types\/product"}],"wp:featuredmedia":[{"embeddable":true,"href":"https:\/\/benigal.eu\/index.php\/wp-json\/wp\/v2\/media\/2148"}],"wp:attachment":[{"href":"https:\/\/benigal.eu\/index.php\/wp-json\/wp\/v2\/media?parent=1622"}],"wp:term":[{"taxonomy":"product_cat","embeddable":true,"href":"https:\/\/benigal.eu\/index.php\/wp-json\/wp\/v2\/product_cat?post=1622"},{"taxonomy":"product_tag","embeddable":true,"href":"https:\/\/benigal.eu\/index.php\/wp-json\/wp\/v2\/product_tag?post=1622"}],"curies":[{"name":"wp","href":"https:\/\/api.w.org\/{rel}","templated":true}]}}