{"id":1639,"date":"2023-09-20T10:39:42","date_gmt":"2023-09-20T10:39:42","guid":{"rendered":"https:\/\/benigal.eu\/?post_type=product&#038;p=1639"},"modified":"2024-02-03T12:48:55","modified_gmt":"2024-02-03T12:48:55","slug":"fisher-price-blocos-de-construcao-para-bebes-brinquedo-didatico","status":"publish","type":"product","link":"https:\/\/benigal.eu\/index.php\/product\/fisher-price-blocos-de-construcao-para-bebes-brinquedo-didatico\/","title":{"rendered":"Fisher Price blocos de constru\u00e7\u00e3o para beb\u00e9s Brinquedo Did\u00e1tico"},"content":{"rendered":"<p>Fisher-Price &#8211; Brinquedo de blocos de constru\u00e7\u00e3o para beb\u00e9s +6 meses, cores \/ modelos variados (Mattel FFC84)<\/p>\n<p>Presente original para beb\u00e9s a partir dos 6 meses.<\/p>\n<p>O conjunto de pe\u00e7as inclui 10 blocos coloridos para classificar, empilhar e encaixar.<\/p>\n<p>Todos os blocos no jogo de correspond\u00eancia cabem dentro do cubo para armazenamento.<\/p>\n<p>Al\u00e7a de f\u00e1cil manuseio para transportar o brinquedo para encaixar as pe\u00e7as em qualquer lugar.<\/p>\n<p>Este brinquedo de beb\u00ea ensina cores e formas.<\/p>\n","protected":false},"excerpt":{"rendered":"<p>Fisher-Price \u2013 Blocos infantis, brinquedo de blocos de constru\u00e7\u00e3o para beb\u00e9 com mais de 6 meses (Mattel FFC84)<\/p>\n","protected":false},"featured_media":1644,"template":"","meta":[],"product_cat":[60,56],"product_tag":[],"jetpack_sharing_enabled":true,"_links":{"self":[{"href":"https:\/\/benigal.eu\/index.php\/wp-json\/wp\/v2\/product\/1639"}],"collection":[{"href":"https:\/\/benigal.eu\/index.php\/wp-json\/wp\/v2\/product"}],"about":[{"href":"https:\/\/benigal.eu\/index.php\/wp-json\/wp\/v2\/types\/product"}],"wp:featuredmedia":[{"embeddable":true,"href":"https:\/\/benigal.eu\/index.php\/wp-json\/wp\/v2\/media\/1644"}],"wp:attachment":[{"href":"https:\/\/benigal.eu\/index.php\/wp-json\/wp\/v2\/media?parent=1639"}],"wp:term":[{"taxonomy":"product_cat","embeddable":true,"href":"https:\/\/benigal.eu\/index.php\/wp-json\/wp\/v2\/product_cat?post=1639"},{"taxonomy":"product_tag","embeddable":true,"href":"https:\/\/benigal.eu\/index.php\/wp-json\/wp\/v2\/product_tag?post=1639"}],"curies":[{"name":"wp","href":"https:\/\/api.w.org\/{rel}","templated":true}]}}