{"id":1666,"date":"2023-09-20T11:19:20","date_gmt":"2023-09-20T11:19:20","guid":{"rendered":"https:\/\/benigal.eu\/?post_type=product&#038;p=1666"},"modified":"2024-10-19T09:34:00","modified_gmt":"2024-10-19T09:34:00","slug":"pinypon-casa-de-bonecas-com-acessorios-e-2-figuras","status":"publish","type":"product","link":"https:\/\/benigal.eu\/index.php\/product\/pinypon-casa-de-bonecas-com-acessorios-e-2-figuras\/","title":{"rendered":"Pinypon Casa de Bonecas com acess\u00f3rios e 2 Figuras"},"content":{"rendered":"<p>Pinypon &#8211; Casa rosa pasta, casinha de bonecas dobr\u00e1vel grande, com muitos quartos diferentes acess\u00f3rios da vida di\u00e1ria, +4 anos.<\/p>\n<p>A capa rosa \u00e9 uma casinha de bonecas totalmente mobilada e convert\u00edvel numa mala para transportar; a sua forma de mala \u00e9 adequada para guardar todos os brinquedos e acess\u00f3rios dentro e lev\u00e1-la para onde quiser jogar.<\/p>\n<p>Com 4 quartos; quarto com cama 2 em 1; um vesti\u00e1rio que se transforma em casa de banho, cozinha e sala de estar, onde a televis\u00e3o se transforma em churrasco<br \/>\nFechar a casa, forma-se uma grande varanda muito divertida para colocar as figuras Pin.<\/p>\n<p>Inclui uma figura grande de Pinfrond e um boneco para crian\u00e7a.<\/p>\n","protected":false},"excerpt":{"rendered":"<p>Pinypon &#8211; Casa rosa de bonecas dobr\u00e1vel grande<\/p>\n","protected":false},"featured_media":1674,"template":"","meta":[],"product_cat":[60,56],"product_tag":[],"jetpack_sharing_enabled":true,"_links":{"self":[{"href":"https:\/\/benigal.eu\/index.php\/wp-json\/wp\/v2\/product\/1666"}],"collection":[{"href":"https:\/\/benigal.eu\/index.php\/wp-json\/wp\/v2\/product"}],"about":[{"href":"https:\/\/benigal.eu\/index.php\/wp-json\/wp\/v2\/types\/product"}],"wp:featuredmedia":[{"embeddable":true,"href":"https:\/\/benigal.eu\/index.php\/wp-json\/wp\/v2\/media\/1674"}],"wp:attachment":[{"href":"https:\/\/benigal.eu\/index.php\/wp-json\/wp\/v2\/media?parent=1666"}],"wp:term":[{"taxonomy":"product_cat","embeddable":true,"href":"https:\/\/benigal.eu\/index.php\/wp-json\/wp\/v2\/product_cat?post=1666"},{"taxonomy":"product_tag","embeddable":true,"href":"https:\/\/benigal.eu\/index.php\/wp-json\/wp\/v2\/product_tag?post=1666"}],"curies":[{"name":"wp","href":"https:\/\/api.w.org\/{rel}","templated":true}]}}