{"id":1676,"date":"2023-09-20T11:25:05","date_gmt":"2023-09-20T11:25:05","guid":{"rendered":"https:\/\/benigal.eu\/?post_type=product&#038;p=1676"},"modified":"2025-04-23T15:06:12","modified_gmt":"2025-04-23T15:06:12","slug":"pista-hot-wheels-gorila-toxico-com-luzes-e-sons","status":"publish","type":"product","link":"https:\/\/benigal.eu\/index.php\/product\/pista-hot-wheels-gorila-toxico-com-luzes-e-sons\/","title":{"rendered":"Pista Hot Wheels Gorila toxico com luzes e sons"},"content":{"rendered":"<p>Hot Wheels Mattel HBY95 City Gorila t\u00f3xico, pista de carros de brincar com luzes e sons, inclui 1 ve\u00edculo die-cast.<\/p>\n<p>Pode ser ligado a outras pistas Hot Wheels<\/p>\n<p>O conjunto de brinquedos Hot Wheels de ataque de gorila t\u00f3xico desafia as crian\u00e7as a derrotar um inimigo malvado atrav\u00e9s de a\u00e7\u00e3o acrob\u00e1tica e manobras de condu\u00e7\u00e3o criativas!<\/p>\n<p>Existem 3 maneiras diferentes de vencer o gorila t\u00f3xico usando o lan\u00e7ador ajust\u00e1vel, mas se as crian\u00e7as n\u00e3o acertarem, apenas conseguir\u00e3o enfadar ainda mais a fera, que ir\u00e1 ressonar e piscar amea\u00e7adoramente.<\/p>\n<p>Diferentes varia\u00e7\u00f5es de luzes e sons indicam o grau de f\u00faria do gorila. Se o seu carro cair, mas se voc\u00ea derrotar, voc\u00ea ver\u00e1 ele se movimentar e ficar azul.<\/p>\n<p>O conjunto de jogos tem uma infinidade de caracter\u00edsticas divertidas de jogo, como mangueiras a gasolina m\u00f3veis e um mecanismo de oficina de reparos. Os desviadores de pista convidam a brincadeira aberta e explora\u00e7\u00e3o.<\/p>\n<p>O conjunto tamb\u00e9m pode ser ligado a outras pistas Hot Wheels (vendidas separadamente) atrav\u00e9s de v\u00e1rios pontos na base para infinitas possibilidades de jogo.<\/p>\n","protected":false},"excerpt":{"rendered":"<p>Hot Wheels Ataque de gorila t\u00f3xico &#8211; oficina de repara\u00e7\u00e3o e posto de gasolina &#8211; lan\u00e7ador ajust\u00e1vel &#8211; inclui carro 1:64, HBY95<\/p>\n","protected":false},"featured_media":1677,"template":"","meta":[],"product_cat":[60,56],"product_tag":[],"jetpack_sharing_enabled":true,"_links":{"self":[{"href":"https:\/\/benigal.eu\/index.php\/wp-json\/wp\/v2\/product\/1676"}],"collection":[{"href":"https:\/\/benigal.eu\/index.php\/wp-json\/wp\/v2\/product"}],"about":[{"href":"https:\/\/benigal.eu\/index.php\/wp-json\/wp\/v2\/types\/product"}],"wp:featuredmedia":[{"embeddable":true,"href":"https:\/\/benigal.eu\/index.php\/wp-json\/wp\/v2\/media\/1677"}],"wp:attachment":[{"href":"https:\/\/benigal.eu\/index.php\/wp-json\/wp\/v2\/media?parent=1676"}],"wp:term":[{"taxonomy":"product_cat","embeddable":true,"href":"https:\/\/benigal.eu\/index.php\/wp-json\/wp\/v2\/product_cat?post=1676"},{"taxonomy":"product_tag","embeddable":true,"href":"https:\/\/benigal.eu\/index.php\/wp-json\/wp\/v2\/product_tag?post=1676"}],"curies":[{"name":"wp","href":"https:\/\/api.w.org\/{rel}","templated":true}]}}