{"id":1685,"date":"2023-09-20T11:29:55","date_gmt":"2023-09-20T11:29:55","guid":{"rendered":"https:\/\/benigal.eu\/?post_type=product&#038;p=1685"},"modified":"2024-09-30T10:54:49","modified_gmt":"2024-09-30T10:54:49","slug":"jogo-de-cartas-dos-mattel","status":"publish","type":"product","link":"https:\/\/benigal.eu\/index.php\/product\/jogo-de-cartas-dos-mattel\/","title":{"rendered":"Jogo de cartas DOS Mattel"},"content":{"rendered":"<p>Jogo de tabuleiro para 2 a 10 jogadores, projetado para desafiar uns aos outros individualmente ou em equipes.<\/p>\n<p>O objetivo do jogo \u00e9 ser o primeiro a ficar sem cartas, mas nesta vers\u00e3o, os jogadores devem gritar dois quando tiverem 2 cartas restantes.<\/p>\n<p>Jogo de tabuleiro familiar recomendado a partir dos 7 anos.<\/p>\n<p>Termine primeiro para marcar pontos para as cartas que ficaram nas m\u00e3os de seu oponente.<\/p>\n<p>Quando voc\u00ea tiver 2 cartas restantes, n\u00e3o se esque\u00e7a de gritar duas.<\/p>\n<p>Vem com manual em portugu\u00eas.<\/p>\n","protected":false},"excerpt":{"rendered":"<p>Mattel Games DOS, idade recomendada de 7 a 10 anos (Mattel FRM36)<\/p>\n","protected":false},"featured_media":1691,"template":"","meta":[],"product_cat":[60,56],"product_tag":[],"jetpack_sharing_enabled":true,"_links":{"self":[{"href":"https:\/\/benigal.eu\/index.php\/wp-json\/wp\/v2\/product\/1685"}],"collection":[{"href":"https:\/\/benigal.eu\/index.php\/wp-json\/wp\/v2\/product"}],"about":[{"href":"https:\/\/benigal.eu\/index.php\/wp-json\/wp\/v2\/types\/product"}],"wp:featuredmedia":[{"embeddable":true,"href":"https:\/\/benigal.eu\/index.php\/wp-json\/wp\/v2\/media\/1691"}],"wp:attachment":[{"href":"https:\/\/benigal.eu\/index.php\/wp-json\/wp\/v2\/media?parent=1685"}],"wp:term":[{"taxonomy":"product_cat","embeddable":true,"href":"https:\/\/benigal.eu\/index.php\/wp-json\/wp\/v2\/product_cat?post=1685"},{"taxonomy":"product_tag","embeddable":true,"href":"https:\/\/benigal.eu\/index.php\/wp-json\/wp\/v2\/product_tag?post=1685"}],"curies":[{"name":"wp","href":"https:\/\/api.w.org\/{rel}","templated":true}]}}