{"id":1719,"date":"2023-09-20T14:40:52","date_gmt":"2023-09-20T14:40:52","guid":{"rendered":"https:\/\/benigal.eu\/?post_type=product&#038;p=1719"},"modified":"2024-02-05T15:01:07","modified_gmt":"2024-02-05T15:01:07","slug":"cabo-de-programacao-usb-de-2-pinos-radios-retevis-baofeng-puxing","status":"publish","type":"product","link":"https:\/\/benigal.eu\/index.php\/product\/cabo-de-programacao-usb-de-2-pinos-radios-retevis-baofeng-puxing\/","title":{"rendered":"Cabo de programa\u00e7\u00e3o Retevis USB de 2 pinos para Walkie Talkie"},"content":{"rendered":"<p>Cabo para conectar o walkie talkie e PC para escrever as configura\u00e7\u00f5es do programa e a frequ\u00eancia do walkie talkie por PC.<\/p>\n<p>Compat\u00edvel com Win XP\/Win7\/Win8\/Win10 sistema.<\/p>\n<p>Di\u00e2metro padr\u00e3o de dois pinos; est\u00e9reo de auricular 3,5 mm (pino acima); est\u00e9reo Mic 2,5 mm (pino inferior); dist\u00e2ncia de dois pinos 11 mm.<\/p>\n<p>Comprimento 100 cm.<\/p>\n<p>Este cabo de programa\u00e7\u00e3o compat\u00edvel com walkie talkie Retevis RT5R RT22 RT24 RT27 RT7; Baofeng BF-888S UV-5R UV-5RA UV-5RE; KENWOOD; WOUXUN; HYT; TYT; PUXING; LINTON etc.<\/p>\n<p>&nbsp;<\/p>\n","protected":false},"excerpt":{"rendered":"<p>Cabo de programa\u00e7\u00e3o USB de 2 pinos R\u00e1dios RETEVIS, BAOFENG, PUXING<\/p>\n","protected":false},"featured_media":2243,"template":"","meta":[],"product_cat":[58,55],"product_tag":[],"jetpack_sharing_enabled":true,"_links":{"self":[{"href":"https:\/\/benigal.eu\/index.php\/wp-json\/wp\/v2\/product\/1719"}],"collection":[{"href":"https:\/\/benigal.eu\/index.php\/wp-json\/wp\/v2\/product"}],"about":[{"href":"https:\/\/benigal.eu\/index.php\/wp-json\/wp\/v2\/types\/product"}],"wp:featuredmedia":[{"embeddable":true,"href":"https:\/\/benigal.eu\/index.php\/wp-json\/wp\/v2\/media\/2243"}],"wp:attachment":[{"href":"https:\/\/benigal.eu\/index.php\/wp-json\/wp\/v2\/media?parent=1719"}],"wp:term":[{"taxonomy":"product_cat","embeddable":true,"href":"https:\/\/benigal.eu\/index.php\/wp-json\/wp\/v2\/product_cat?post=1719"},{"taxonomy":"product_tag","embeddable":true,"href":"https:\/\/benigal.eu\/index.php\/wp-json\/wp\/v2\/product_tag?post=1719"}],"curies":[{"name":"wp","href":"https:\/\/api.w.org\/{rel}","templated":true}]}}