{"id":1730,"date":"2023-09-20T14:48:13","date_gmt":"2023-09-20T14:48:13","guid":{"rendered":"https:\/\/benigal.eu\/?post_type=product&#038;p=1730"},"modified":"2024-12-06T12:01:33","modified_gmt":"2024-12-06T12:01:33","slug":"kit-ferramentas-rj-45-conjunto-de-ferramentas-de-rede-internet","status":"publish","type":"product","link":"https:\/\/benigal.eu\/index.php\/product\/kit-ferramentas-rj-45-conjunto-de-ferramentas-de-rede-internet\/","title":{"rendered":"Kit Ferramentas RJ 45 para redes e Internet com estojo"},"content":{"rendered":"<p>Conjunto de ferramentas de rede &#8211; Kit ferramentas para cabos de rede, ideal para quem precisa de fazer ou retificar cabos.<\/p>\n<p>Com um testador capaz de testar a continuidade de cada fiador.<\/p>\n<p>1 Chave Krone<\/p>\n<p>1 Alicate de cravar RJ45.<\/p>\n<p>1 Testador de rede RJ45.<\/p>\n<p>1 Pin\u00e7a de cravar tomadas de rede.<\/p>\n<p>Equipo 129503 Kit de ferramentas para redes:<\/p>\n<p>A caixa de ferramentas Netowrk \u00e9 um kit de ferramentas \u00fatil mas vers\u00e1til que inclui uma ferramenta de perfura\u00e7\u00e3o para baixo, um testador de LAN, uma fita de cabo e uma ferramenta de prensagem RJ45.<\/p>\n<p>A bolsa leve \u00e9 f\u00e1cil de transportar para tarefas na oficina.<\/p>\n","protected":false},"excerpt":{"rendered":"<p>Kit ferramentas para cabos de rede, ideal para quem precisa de fazer ou retificar cabos.<\/p>\n","protected":false},"featured_media":2242,"template":"","meta":[],"product_cat":[58,55],"product_tag":[],"jetpack_sharing_enabled":true,"_links":{"self":[{"href":"https:\/\/benigal.eu\/index.php\/wp-json\/wp\/v2\/product\/1730"}],"collection":[{"href":"https:\/\/benigal.eu\/index.php\/wp-json\/wp\/v2\/product"}],"about":[{"href":"https:\/\/benigal.eu\/index.php\/wp-json\/wp\/v2\/types\/product"}],"wp:featuredmedia":[{"embeddable":true,"href":"https:\/\/benigal.eu\/index.php\/wp-json\/wp\/v2\/media\/2242"}],"wp:attachment":[{"href":"https:\/\/benigal.eu\/index.php\/wp-json\/wp\/v2\/media?parent=1730"}],"wp:term":[{"taxonomy":"product_cat","embeddable":true,"href":"https:\/\/benigal.eu\/index.php\/wp-json\/wp\/v2\/product_cat?post=1730"},{"taxonomy":"product_tag","embeddable":true,"href":"https:\/\/benigal.eu\/index.php\/wp-json\/wp\/v2\/product_tag?post=1730"}],"curies":[{"name":"wp","href":"https:\/\/api.w.org\/{rel}","templated":true}]}}