{"id":1747,"date":"2023-09-20T15:07:47","date_gmt":"2023-09-20T15:07:47","guid":{"rendered":"https:\/\/benigal.eu\/?post_type=product&#038;p=1747"},"modified":"2024-02-28T17:11:45","modified_gmt":"2024-02-28T17:11:45","slug":"cartao-de-memoria-micro-sd-xd-128-gb-adaptador-nintendo-consola","status":"publish","type":"product","link":"https:\/\/benigal.eu\/index.php\/product\/cartao-de-memoria-micro-sd-xd-128-gb-adaptador-nintendo-consola\/","title":{"rendered":"Cart\u00e3o de Memoria Micro sd xd 128 GB + Adaptador Nintendo Consola"},"content":{"rendered":"<p>Cart\u00e3o de mem\u00f3ria Micro SDXC de 128 GB com adaptador SD, A2, U3, velocidade de leitura at\u00e9 100 MB\/ Marca Amazon Basics<\/p>\n<p>Ampla compatibilidade: Compat\u00edvel com smartphones, tablets, c\u00e2maras, c\u00e2maras de a\u00e7\u00e3o como a GoPro, port\u00e1teis, computadores de secret\u00e1ria, c\u00e2maras DSLR, drones, Nintendo Switch e outros consoles port\u00e1teis e muito mais. Inclui um adaptador SD.<\/p>\n<p>Armazenamento de alta qualidade: Perfeita para fotografias de alta resolu\u00e7\u00e3o e gravar e armazenar v\u00eddeos Full HD\/4K ou outros.<\/p>\n<p>Ultrarr\u00e1pida: Velocidade de leitura de at\u00e9 100 MB\/s. Velocidade de grava\u00e7\u00e3o de at\u00e9 60 MB\/s (vari\u00e1vel consoante o tamanho da mem\u00f3ria).<\/p>\n<p>Velocidade UHS, U3, classe 10 e A2 para uma experi\u00eancia ideal com o seu smartphone.<\/p>\n<p>Confiabilidade duradoura: Resist\u00eancia IPX6 \u00e0 \u00e1gua, a choques e a temperaturas de -10\u00b0 a 80\u00b0, resist\u00eancia magn\u00e9tica e a raios X.<\/p>\n<p>A capacidade de armazenamento real exibida pelo sistema operativo do seu dispositivo pode ser inferior \u00e0 capacidade indicada na etiquetagem do produto devido a diferentes crit\u00e9rios de medi\u00e7\u00e3o.<\/p>\n<p>As velocidades de leitura e grava\u00e7\u00e3o s\u00e3o baseadas em testes internos realizados sob condi\u00e7\u00f5es controladas.<\/p>\n<p>As velocidades reais podem variar consoante o dispositivo utilizado, a interface, as condi\u00e7\u00f5es de uso e outros fatores.<\/p>\n<p>Verifique se o seu dispositivo \u00e9 compat\u00edvel com a capacidade do cart\u00e3o MicroSD.<\/p>\n<p>Por exemplo, se o dispositivo for compat\u00edvel apenas com uma capacidade m\u00e1xima de 64 GB, talvez n\u00e3o reconhe\u00e7a os cart\u00f5es MicroSD de 128 GB e superiores.<\/p>\n","protected":false},"excerpt":{"rendered":"<p>Cart\u00e3o de Memoria Micro sd xd 128 GB + Adaptador Nintendo Consola<\/p>\n","protected":false},"featured_media":2251,"template":"","meta":[],"product_cat":[15,55],"product_tag":[],"jetpack_sharing_enabled":true,"_links":{"self":[{"href":"https:\/\/benigal.eu\/index.php\/wp-json\/wp\/v2\/product\/1747"}],"collection":[{"href":"https:\/\/benigal.eu\/index.php\/wp-json\/wp\/v2\/product"}],"about":[{"href":"https:\/\/benigal.eu\/index.php\/wp-json\/wp\/v2\/types\/product"}],"wp:featuredmedia":[{"embeddable":true,"href":"https:\/\/benigal.eu\/index.php\/wp-json\/wp\/v2\/media\/2251"}],"wp:attachment":[{"href":"https:\/\/benigal.eu\/index.php\/wp-json\/wp\/v2\/media?parent=1747"}],"wp:term":[{"taxonomy":"product_cat","embeddable":true,"href":"https:\/\/benigal.eu\/index.php\/wp-json\/wp\/v2\/product_cat?post=1747"},{"taxonomy":"product_tag","embeddable":true,"href":"https:\/\/benigal.eu\/index.php\/wp-json\/wp\/v2\/product_tag?post=1747"}],"curies":[{"name":"wp","href":"https:\/\/api.w.org\/{rel}","templated":true}]}}