{"id":1748,"date":"2023-09-20T15:12:36","date_gmt":"2023-09-20T15:12:36","guid":{"rendered":"https:\/\/benigal.eu\/?post_type=product&#038;p=1748"},"modified":"2024-08-06T13:52:06","modified_gmt":"2024-08-06T13:52:06","slug":"estojo-mala-de-viagens-para-nintendo-switch-consola-jogos","status":"publish","type":"product","link":"https:\/\/benigal.eu\/index.php\/product\/estojo-mala-de-viagens-para-nintendo-switch-consola-jogos\/","title":{"rendered":"Estojo para Consola Nintendo Switch"},"content":{"rendered":"<p>Capa projetada especialmente para o Nintendo Switch, \u00e9 compacta e leve, perfeita para guardar seu console Nintendo com seguran\u00e7a, quando voc\u00ea estiver viajando ou quando n\u00e3o estiver usando.<\/p>\n<p>A capa \u00e9 feita de material EVA de alta qualidade, sendo uma capa altamente r\u00edgida que protege o seu Nintendo Switch de batidas, arranh\u00f5es e quedas.<\/p>\n<p>Ajusta-se perfeitamente para armazenar a consola Nintendo Switch, o comando Joy &#8211; Con, o adaptador CA, cabo HDMI e 20 cartuchos de jogo.<\/p>\n<p>A capa possui um bolso interno de malha com um z\u00edper que aumenta o espa\u00e7o de armazenamento e permite guardar as al\u00e7as da Joy-Con ou outros pequenos acess\u00f3rios mantendo-os em boas condi\u00e7\u00f5es.<\/p>\n<p>Design especial e de alta qualidade<\/p>\n<p>As pe\u00e7as de espuma remov\u00edveis encaixam-se perfeitamente no console Switch, adaptador CA e controlo Pro.<\/p>\n","protected":false},"excerpt":{"rendered":"<p>Estojo com Al\u00e7a para Nintendo Switch Consola Jogos<\/p>\n","protected":false},"featured_media":2410,"template":"","meta":[],"product_cat":[56,55],"product_tag":[],"jetpack_sharing_enabled":true,"_links":{"self":[{"href":"https:\/\/benigal.eu\/index.php\/wp-json\/wp\/v2\/product\/1748"}],"collection":[{"href":"https:\/\/benigal.eu\/index.php\/wp-json\/wp\/v2\/product"}],"about":[{"href":"https:\/\/benigal.eu\/index.php\/wp-json\/wp\/v2\/types\/product"}],"wp:featuredmedia":[{"embeddable":true,"href":"https:\/\/benigal.eu\/index.php\/wp-json\/wp\/v2\/media\/2410"}],"wp:attachment":[{"href":"https:\/\/benigal.eu\/index.php\/wp-json\/wp\/v2\/media?parent=1748"}],"wp:term":[{"taxonomy":"product_cat","embeddable":true,"href":"https:\/\/benigal.eu\/index.php\/wp-json\/wp\/v2\/product_cat?post=1748"},{"taxonomy":"product_tag","embeddable":true,"href":"https:\/\/benigal.eu\/index.php\/wp-json\/wp\/v2\/product_tag?post=1748"}],"curies":[{"name":"wp","href":"https:\/\/api.w.org\/{rel}","templated":true}]}}