{"id":1757,"date":"2023-09-20T15:23:17","date_gmt":"2023-09-20T15:23:17","guid":{"rendered":"https:\/\/benigal.eu\/?post_type=product&#038;p=1757"},"modified":"2024-02-03T10:47:30","modified_gmt":"2024-02-03T10:47:30","slug":"pluviometro-termo-higrometro-bresser-relogio-radio-temperatura-extern","status":"publish","type":"product","link":"https:\/\/benigal.eu\/index.php\/product\/pluviometro-termo-higrometro-bresser-relogio-radio-temperatura-extern\/","title":{"rendered":"Pluvi\u00f3metro Termo Higr\u00f3metro Bresser Rel\u00f3gio Radio Temperatura externa"},"content":{"rendered":"<p>Esta\u00e7\u00e3o pluviom\u00e9trica profissional Bresser com r\u00e1dio rel\u00f3gio DCF, despertador e temperatura externa.<\/p>\n<p>Medi\u00e7\u00e3o da velocidade do vento, temperatura do ar e umidade.<\/p>\n<p>Indica\u00e7\u00e3o de velocidade m\u00e9dia ou rajadas de corrente.<\/p>\n<p>Valores m\u00e1ximos para cada hora, dia, m\u00eas, ano.<\/p>\n<p>Inclui: base, p\u00e9, anem\u00f4metro, material de montagem.<\/p>\n<p>&nbsp;<\/p>\n","protected":false},"excerpt":{"rendered":"<p>Esta\u00e7\u00e3o pluviom\u00e9trica profissional Bresser com r\u00e1dio rel\u00f3gio DCF, despertador e temperatura externa.<\/p>\n","protected":false},"featured_media":2413,"template":"","meta":[],"product_cat":[15,58,55],"product_tag":[],"jetpack_sharing_enabled":true,"_links":{"self":[{"href":"https:\/\/benigal.eu\/index.php\/wp-json\/wp\/v2\/product\/1757"}],"collection":[{"href":"https:\/\/benigal.eu\/index.php\/wp-json\/wp\/v2\/product"}],"about":[{"href":"https:\/\/benigal.eu\/index.php\/wp-json\/wp\/v2\/types\/product"}],"wp:featuredmedia":[{"embeddable":true,"href":"https:\/\/benigal.eu\/index.php\/wp-json\/wp\/v2\/media\/2413"}],"wp:attachment":[{"href":"https:\/\/benigal.eu\/index.php\/wp-json\/wp\/v2\/media?parent=1757"}],"wp:term":[{"taxonomy":"product_cat","embeddable":true,"href":"https:\/\/benigal.eu\/index.php\/wp-json\/wp\/v2\/product_cat?post=1757"},{"taxonomy":"product_tag","embeddable":true,"href":"https:\/\/benigal.eu\/index.php\/wp-json\/wp\/v2\/product_tag?post=1757"}],"curies":[{"name":"wp","href":"https:\/\/api.w.org\/{rel}","templated":true}]}}