{"id":1768,"date":"2023-09-20T15:37:09","date_gmt":"2023-09-20T15:37:09","guid":{"rendered":"https:\/\/benigal.eu\/?post_type=product&#038;p=1768"},"modified":"2025-07-21T13:21:41","modified_gmt":"2025-07-21T13:21:41","slug":"transmissor-fm-bluetooth-para-carro-sem-fios-mp3-usb-cartoes-sd-radio","status":"publish","type":"product","link":"https:\/\/benigal.eu\/index.php\/product\/transmissor-fm-bluetooth-para-carro-sem-fios-mp3-usb-cartoes-sd-radio\/","title":{"rendered":"Transmissor FM Bluetooth para carro, sem fios MP3 USB"},"content":{"rendered":"<p>Transmissor FM Bluetooth para carro (12\/24 V), m\u00e3os livres, leitor de m\u00fasica Bluetooth V5.0 EDR, adaptador r\u00e1dio recetor FM , porta dupla USB &#8211; carregamento r\u00e1pido 2.1 A e suporte mem\u00f3ria USB<\/p>\n<p>Reproduz m\u00fasica de alta qualidade: Gra\u00e7as ao chip Bluetooth V5.0, dota ao seu ve\u00edculo a capacidade de reproduzir toda a m\u00fasica que deseja com som de alta qualidade.<\/p>\n<p>Ligue o seu dispositivo via BT e desfrute da m\u00fasica de som est\u00e9reo.<\/p>\n<p>M\u00e3os livres: Com microfone integrado atende e atende as suas chamadas.<\/p>\n<p>Mude para o modo m\u00e3os-livres automaticamente do estado de reprodu\u00e7\u00e3o de m\u00fasica ao receber chamadas.<\/p>\n<p>Responda\/rejeita chamadas tanto atrav\u00e9s do dispositivo como atrav\u00e9s do seu assistente de voz (Siri ou Google Assistant) quando o tiver ativado.<\/p>\n<p>Dupla porta USB: Obtenha um carregamento de alta velocidade atrav\u00e9s da porta USB 2.1A enquanto possui uma segunda porta USB completamente livre para carregar outro smartphone ou reproduzir m\u00fasica de um Pendrive.<\/p>\n<p>Carregue dois telefones ao mesmo tempo com seguran\u00e7a e efici\u00eancia.<\/p>\n<p>At\u00e9 4x mais r\u00e1pido do que os carregadores padr\u00e3o, efici\u00eancia de carga melhorada em 80%.<\/p>\n<p>Sem instala\u00e7\u00e3o alguma: Este dispositivo transmite o sinal sem fio, sem necessidade de modificar nada no carro.<\/p>\n<p>Pode ser usado como reprodutor de m\u00fasica para entretenimento ou como kit m\u00e3os livres para seguran\u00e7a durante a condu\u00e7\u00e3o.<\/p>\n<p>&nbsp;<\/p>\n","protected":false},"excerpt":{"rendered":"<p>Transmissor FM Bluetooth para carro, sem fios MP3 USB cart\u00f5es SD Radio<\/p>\n","protected":false},"featured_media":2216,"template":"","meta":[],"product_cat":[15,55],"product_tag":[],"jetpack_sharing_enabled":true,"_links":{"self":[{"href":"https:\/\/benigal.eu\/index.php\/wp-json\/wp\/v2\/product\/1768"}],"collection":[{"href":"https:\/\/benigal.eu\/index.php\/wp-json\/wp\/v2\/product"}],"about":[{"href":"https:\/\/benigal.eu\/index.php\/wp-json\/wp\/v2\/types\/product"}],"wp:featuredmedia":[{"embeddable":true,"href":"https:\/\/benigal.eu\/index.php\/wp-json\/wp\/v2\/media\/2216"}],"wp:attachment":[{"href":"https:\/\/benigal.eu\/index.php\/wp-json\/wp\/v2\/media?parent=1768"}],"wp:term":[{"taxonomy":"product_cat","embeddable":true,"href":"https:\/\/benigal.eu\/index.php\/wp-json\/wp\/v2\/product_cat?post=1768"},{"taxonomy":"product_tag","embeddable":true,"href":"https:\/\/benigal.eu\/index.php\/wp-json\/wp\/v2\/product_tag?post=1768"}],"curies":[{"name":"wp","href":"https:\/\/api.w.org\/{rel}","templated":true}]}}