{"id":1776,"date":"2023-09-20T15:50:01","date_gmt":"2023-09-20T15:50:01","guid":{"rendered":"https:\/\/benigal.eu\/?post_type=product&#038;p=1776"},"modified":"2024-09-30T11:07:54","modified_gmt":"2024-09-30T11:07:54","slug":"kit-atomizador-vidro-transparente-reciclavel-10ml-25-pecas","status":"publish","type":"product","link":"https:\/\/benigal.eu\/index.php\/product\/kit-atomizador-vidro-transparente-reciclavel-10ml-25-pecas\/","title":{"rendered":"Atomizador Vidro transparente recicl\u00e1vel 10ml"},"content":{"rendered":"<p>Frasco de vidro de spray transparente vazio para aerossol de n\u00e9voa<\/p>\n<p>Frasco recarreg\u00e1vel adequado para \u00f3leos essenciais, produtos de beleza org\u00e2nicos.<\/p>\n<p>Capacidade: 10ml cada.<\/p>\n<p>Dimens\u00e3o: di\u00e2metro inferior de 14 mm, altura de 118 mm<\/p>\n<p>Caracter\u00edstica:<\/p>\n<p>Feito de vidro, incolor, transparente, n\u00e3o t\u00f3xico e inofensivo, pode ser usado com confian\u00e7a.<\/p>\n<p>Design de tampa de rosca com uma tampa de pl\u00e1stico do lado de fora, n\u00e3o h\u00e1 necessidade de se preocupar com vazamento de l\u00edquido<\/p>\n<p>F\u00e1cil de limpar, pode ser usado repetidamente ap\u00f3s a limpeza, economizando dinheiro.<\/p>\n<p>Frasco de spray vazio para \u00f3leos essenciais, \u00f3leos de perfume, sprays de limpeza, perfumes,<\/p>\n<p>aromaterapia, artes, artesanato, primeiros socorros, spray para viagens, spray repelente de insetos, spray facial.<\/p>\n<p>Podemos fornecer individual o menor quantia, pergunte para mais op\u00e7\u00f5es.<\/p>\n","protected":false},"excerpt":{"rendered":"<p>Frasco de vidro de spray transparente vazio para aerossol de n\u00e9voa<\/p>\n","protected":false},"featured_media":1777,"template":"","meta":[],"product_cat":[62,61,63],"product_tag":[],"jetpack_sharing_enabled":true,"_links":{"self":[{"href":"https:\/\/benigal.eu\/index.php\/wp-json\/wp\/v2\/product\/1776"}],"collection":[{"href":"https:\/\/benigal.eu\/index.php\/wp-json\/wp\/v2\/product"}],"about":[{"href":"https:\/\/benigal.eu\/index.php\/wp-json\/wp\/v2\/types\/product"}],"wp:featuredmedia":[{"embeddable":true,"href":"https:\/\/benigal.eu\/index.php\/wp-json\/wp\/v2\/media\/1777"}],"wp:attachment":[{"href":"https:\/\/benigal.eu\/index.php\/wp-json\/wp\/v2\/media?parent=1776"}],"wp:term":[{"taxonomy":"product_cat","embeddable":true,"href":"https:\/\/benigal.eu\/index.php\/wp-json\/wp\/v2\/product_cat?post=1776"},{"taxonomy":"product_tag","embeddable":true,"href":"https:\/\/benigal.eu\/index.php\/wp-json\/wp\/v2\/product_tag?post=1776"}],"curies":[{"name":"wp","href":"https:\/\/api.w.org\/{rel}","templated":true}]}}