{"id":1783,"date":"2023-09-20T16:04:33","date_gmt":"2023-09-20T16:04:33","guid":{"rendered":"https:\/\/benigal.eu\/?post_type=product&#038;p=1783"},"modified":"2023-09-30T16:01:48","modified_gmt":"2023-09-30T16:01:48","slug":"atomizador-spray-em-vidro-ambar-30-ml-funil-e-conta-gotas-24-unidades","status":"publish","type":"product","link":"https:\/\/benigal.eu\/index.php\/product\/atomizador-spray-em-vidro-ambar-30-ml-funil-e-conta-gotas-24-unidades\/","title":{"rendered":"Atomizador Spray em Vidro \u00c2mbar 30 ml Funil e conta gotas 24 unidades"},"content":{"rendered":"<p>24 Frascos de vidro spray com [Atomizador], para \u00f3leos essenciais, misturas de aromaterapia, perfumes, massagens, l\u00edquidos qu\u00edmicos, farmac\u00eauticos, etc.<\/p>\n<p>Tamanho: 30 ml (24 unidades)<\/p>\n<p>O pacote inclui:<\/p>\n<p>24 &#8211; Frasco de vidro \u00e2mbar<\/p>\n<p>24 &#8211; Atomizador Atomizador Black Mist<\/p>\n<p>4 &#8211; conta-gotas de pl\u00e1stico de 3ml<\/p>\n<p>4 &#8211; Mini funil de pl\u00e1stico<\/p>\n","protected":false},"excerpt":{"rendered":"<p>24 Frascos de vidro spray com [Atomizador], para \u00f3leos essenciais, misturas de aromaterapia, perfumes, massagens, l\u00edquidos qu\u00edmicos, farmac\u00eauticos, etc.<\/p>\n","protected":false},"featured_media":2449,"template":"","meta":[],"product_cat":[62,61,63],"product_tag":[],"jetpack_sharing_enabled":true,"_links":{"self":[{"href":"https:\/\/benigal.eu\/index.php\/wp-json\/wp\/v2\/product\/1783"}],"collection":[{"href":"https:\/\/benigal.eu\/index.php\/wp-json\/wp\/v2\/product"}],"about":[{"href":"https:\/\/benigal.eu\/index.php\/wp-json\/wp\/v2\/types\/product"}],"wp:featuredmedia":[{"embeddable":true,"href":"https:\/\/benigal.eu\/index.php\/wp-json\/wp\/v2\/media\/2449"}],"wp:attachment":[{"href":"https:\/\/benigal.eu\/index.php\/wp-json\/wp\/v2\/media?parent=1783"}],"wp:term":[{"taxonomy":"product_cat","embeddable":true,"href":"https:\/\/benigal.eu\/index.php\/wp-json\/wp\/v2\/product_cat?post=1783"},{"taxonomy":"product_tag","embeddable":true,"href":"https:\/\/benigal.eu\/index.php\/wp-json\/wp\/v2\/product_tag?post=1783"}],"curies":[{"name":"wp","href":"https:\/\/api.w.org\/{rel}","templated":true}]}}