{"id":181,"date":"2023-09-07T21:55:22","date_gmt":"2023-09-07T21:55:22","guid":{"rendered":"https:\/\/benigal.eu\/?post_type=product&#038;p=181"},"modified":"2023-09-19T22:11:14","modified_gmt":"2023-09-19T22:11:14","slug":"suporte-telemovel-para-bicicleta-mota","status":"publish","type":"product","link":"https:\/\/benigal.eu\/index.php\/product\/suporte-telemovel-para-bicicleta-mota\/","title":{"rendered":"Suporte Telem\u00f3vel Para Bicicleta &amp; Mota"},"content":{"rendered":"<p>Suporte para telem\u00f3vel de bicicleta, rota\u00e7\u00e3o de 360\u00b0 suporte m\u00f3vel para mota com anti-vibra\u00e7\u00e3o de silicone, guiador universal suporte m\u00f3vel compat\u00edvel com iPhone\/Samsung\/Huawei\/Xiaomi e outros.<\/p>\n<p align=\"justify\">Compat\u00edvel com Samsung Galaxy S23\/S23<\/p>\n<p align=\"justify\">Ultra\/S22Ultra\/S22\/S21Ultra\/S21+\/S21\/S10<\/p>\n<p align=\"justify\">Plus\/S10\/S10e\/Note 10 etc.<\/p>\n<p align=\"justify\">Compat\u00edvel com iPhone 14 Pro Max\/iPhone 14 Pro\/iPhone 14\/iPhone 13 Pro Max\/13\/Pro\/13\/12 Pro Max\/12 Pro\/12\/11 Pro Max\/11 Pro\/11\/ XR etc.<\/p>\n<p align=\"justify\">Compat\u00edvel com Huawei\/Xiaomi\/Oneplus etc.<\/p>\n<p align=\"justify\">Est\u00e1vel e absorve impactos: o clipe de guiador atualizado adota um novo design. Este suporte de telem\u00f3vel para mota possui uma bra\u00e7adeira de pl\u00e1stico r\u00edgido de primeira qualidade, que se agarra firmemente ao guiador, e garante estabilidade, independentemente das condi\u00e7\u00f5es da estrada.<\/p>\n<p align=\"justify\">Guiador universal: adequado para qualquer guiador circular (com um di\u00e2metro de 15 a 42 mm) de bicicleta, motas, scooter, trollers, carrinhos de compras e carrinhos. Pode ser usado em todos os aspectos da sua vida di\u00e1ria.<\/p>\n<p align=\"justify\">360 graus ajust\u00e1vel: basta girar e ajustar o seu dispositivo, em qualquer \u00e2ngulo e posi\u00e7\u00e3o que se adapte \u00e0 sua prefer\u00eancia enquanto andar de bicicleta, pode verificar a quilometragem ou o posicionamento GPS sem problemas.<\/p>\n<p align=\"justify\">Faixa de silicone protetora: diferente da bra\u00e7adeira de pl\u00e1stico, o material de silicone macio n\u00e3o causar\u00e1 nenhum dano ao seu precioso telefone. Al\u00e9m disso, este suporte de telem\u00f3vel de bicicleta de silicone pode agarrar o seu telefone de todas as dire\u00e7\u00f5es para evitar que o seu dispositivo caia.<\/p>\n<p align=\"justify\">Excelente compatibilidade: o suporte m\u00f3vel da motocicleta Glangeh adapta-se a todos os telefones entre 4,7 polegadas &#8211; 6,8 polegadas, compat\u00edvel com iPhone 14 Pro\/iPhone 14 Plus\/iPhone 14\/iPhone 13 Pro Max\/iPhone 13 Pro\/iPhone 133 \/12 Pro Max\/12 Pro\/12\/11 Pro Max\/11 Pro\/XR, Samsung Galaxy S23\/S23 Ultra\/S22+\/S21\/S20\/S9 Plus\/S8 Plus\/Note 8 e outros telem\u00f3veis.<\/p>\n","protected":false},"excerpt":{"rendered":"<p>Suporte para telem\u00f3vel de bicicleta, rota\u00e7\u00e3o de 360\u00b0 suporte m\u00f3vel para mota com anti-vibra\u00e7\u00e3o de silicone, guiador universal suporte m\u00f3vel compat\u00edvel com iPhone\/Samsung\/Huawei\/Xiaomi e outros.<\/p>\n","protected":false},"featured_media":183,"template":"","meta":[],"product_cat":[59,55],"product_tag":[],"jetpack_sharing_enabled":true,"_links":{"self":[{"href":"https:\/\/benigal.eu\/index.php\/wp-json\/wp\/v2\/product\/181"}],"collection":[{"href":"https:\/\/benigal.eu\/index.php\/wp-json\/wp\/v2\/product"}],"about":[{"href":"https:\/\/benigal.eu\/index.php\/wp-json\/wp\/v2\/types\/product"}],"wp:featuredmedia":[{"embeddable":true,"href":"https:\/\/benigal.eu\/index.php\/wp-json\/wp\/v2\/media\/183"}],"wp:attachment":[{"href":"https:\/\/benigal.eu\/index.php\/wp-json\/wp\/v2\/media?parent=181"}],"wp:term":[{"taxonomy":"product_cat","embeddable":true,"href":"https:\/\/benigal.eu\/index.php\/wp-json\/wp\/v2\/product_cat?post=181"},{"taxonomy":"product_tag","embeddable":true,"href":"https:\/\/benigal.eu\/index.php\/wp-json\/wp\/v2\/product_tag?post=181"}],"curies":[{"name":"wp","href":"https:\/\/api.w.org\/{rel}","templated":true}]}}