{"id":1831,"date":"2023-09-20T16:53:18","date_gmt":"2023-09-20T16:53:18","guid":{"rendered":"https:\/\/benigal.eu\/?post_type=product&#038;p=1831"},"modified":"2025-11-19T16:21:00","modified_gmt":"2025-11-19T16:21:00","slug":"cera-para-barba-cedar-wood-lime-18-oz-100-natural","status":"publish","type":"product","link":"https:\/\/benigal.eu\/index.php\/product\/cera-para-barba-cedar-wood-lime-18-oz-100-natural\/","title":{"rendered":"Cera Para Barba Cedar Wood &amp; Lime 1,8 Oz -100 % Natural"},"content":{"rendered":"<p>Cera para Barba Natural, Hidrata e Nutre a Barba.<\/p>\n<p>Tamanho: 1,88 Oz &#8211; 60g<br \/>\n100 % Natural<\/p>\n<p>O segredo para uma barba incr\u00edvel: Voc\u00ea j\u00e1 desejou poder condicionar sua barba e modelar ao mesmo tempo? O Beard Club desenvolveu este revolucion\u00e1rio b\u00e1lsamo para a barba que n\u00e3o s\u00f3 mant\u00e9m a sua barba em excelentes condi\u00e7\u00f5es. Tamb\u00e9m permite moldar e modelar a sua barba para mant\u00ea-la no seu melhor.<\/p>\n<p>Um extrato \u00fanico da fragr\u00e2ncia cl\u00e1ssica de cedro e lim\u00e3o, com notas adicionais de bergamota, cardamomo, gengibre, ylang, cravo, carvalho, s\u00e2ndalo, benjoim, baunilha e patchouli. Criando uma fragr\u00e2ncia que d\u00e1 vida \u00e0 sua barba.<\/p>\n<p>Para que suas barbas longas e curtas condicionem e suavizem os cabelos, aumentem a for\u00e7a e o brilho, aumentem o volume e a densidade e evitem a pele seca e coceira e os flocos de barba.<\/p>\n<p>Natural e Org\u00e2nico: Voc\u00ea pode confiar que eles est\u00e3o colocando um produto de alta qualidade que voc\u00ea enfrenta, produzido profissionalmente de acordo com os mais altos padr\u00f5es de cosm\u00e9ticos europeus. Sem enchimentos, aditivos, parabenos ou OGM &#8211; ao contr\u00e1rio de muitas outras marcas populares de \u00f3leo de barba.<\/p>\n<p>Criado para o homem moderno. \u00c9 o tamanho perfeito para guardar na sua mala de viagem. Mantenha a sua barba com aspeto fresco e elegante 24 horas por dia.<\/p>\n","protected":false},"excerpt":{"rendered":"<p>Cera para Barba Natural, Hidrata e Nutre a Barba.<\/p>\n","protected":false},"featured_media":2408,"template":"","meta":[],"product_cat":[63],"product_tag":[],"jetpack_sharing_enabled":true,"_links":{"self":[{"href":"https:\/\/benigal.eu\/index.php\/wp-json\/wp\/v2\/product\/1831"}],"collection":[{"href":"https:\/\/benigal.eu\/index.php\/wp-json\/wp\/v2\/product"}],"about":[{"href":"https:\/\/benigal.eu\/index.php\/wp-json\/wp\/v2\/types\/product"}],"wp:featuredmedia":[{"embeddable":true,"href":"https:\/\/benigal.eu\/index.php\/wp-json\/wp\/v2\/media\/2408"}],"wp:attachment":[{"href":"https:\/\/benigal.eu\/index.php\/wp-json\/wp\/v2\/media?parent=1831"}],"wp:term":[{"taxonomy":"product_cat","embeddable":true,"href":"https:\/\/benigal.eu\/index.php\/wp-json\/wp\/v2\/product_cat?post=1831"},{"taxonomy":"product_tag","embeddable":true,"href":"https:\/\/benigal.eu\/index.php\/wp-json\/wp\/v2\/product_tag?post=1831"}],"curies":[{"name":"wp","href":"https:\/\/api.w.org\/{rel}","templated":true}]}}