{"id":1854,"date":"2023-09-21T10:36:44","date_gmt":"2023-09-21T10:36:44","guid":{"rendered":"https:\/\/benigal.eu\/?post_type=product&#038;p=1854"},"modified":"2023-09-28T10:52:58","modified_gmt":"2023-09-28T10:52:58","slug":"oleo-para-barba-17-oz-rum-punch","status":"publish","type":"product","link":"https:\/\/benigal.eu\/index.php\/product\/oleo-para-barba-17-oz-rum-punch\/","title":{"rendered":"\u00d3leo para Barba Rum Punch 1,7 Oz UK"},"content":{"rendered":"<p>\u00d3leo de barba Rum Punch 100% natural.<\/p>\n<p>Nosso \u00f3leo de barba com aroma de ponche de rum &#8220;O&#8221; \u00e9 100% natural e feito de \u00f3leos essenciais e naturais de qualidade premium. Nosso \u00f3leo de barba fortalece, condiciona e promove o crescimento da barba.<\/p>\n<p>MADE IN THE UK, Vegan and Trusted Supplier &#8211; Todos os nossos produtos s\u00e3o feitos no Reino Unido. Nossos produtos s\u00e3o 100% livres de crueldade e fabricados da melhor maneira poss\u00edvel. Fornecemos grandes varejistas como Boots, Holland, Barrett e TopShop, voc\u00ea pode confiar em nossos ingredientes. Este \u00f3leo de barba \u00e9 feito por Pirates e voc\u00ea aprecia.<\/p>\n<p>\u00d3leo de barba Premium para crescimento X10 &#8211; Nossa f\u00f3rmula com alto teor de cafe\u00edna promove o crescimento maci\u00e7o da barba, ajudando voc\u00ea a deixar uma barba mais forte e cheia.<\/p>\n","protected":false},"excerpt":{"rendered":"<p>\u00d3leo de barba Rum Punch 100% natural.<\/p>\n","protected":false},"featured_media":1847,"template":"","meta":[],"product_cat":[63],"product_tag":[],"jetpack_sharing_enabled":true,"_links":{"self":[{"href":"https:\/\/benigal.eu\/index.php\/wp-json\/wp\/v2\/product\/1854"}],"collection":[{"href":"https:\/\/benigal.eu\/index.php\/wp-json\/wp\/v2\/product"}],"about":[{"href":"https:\/\/benigal.eu\/index.php\/wp-json\/wp\/v2\/types\/product"}],"wp:featuredmedia":[{"embeddable":true,"href":"https:\/\/benigal.eu\/index.php\/wp-json\/wp\/v2\/media\/1847"}],"wp:attachment":[{"href":"https:\/\/benigal.eu\/index.php\/wp-json\/wp\/v2\/media?parent=1854"}],"wp:term":[{"taxonomy":"product_cat","embeddable":true,"href":"https:\/\/benigal.eu\/index.php\/wp-json\/wp\/v2\/product_cat?post=1854"},{"taxonomy":"product_tag","embeddable":true,"href":"https:\/\/benigal.eu\/index.php\/wp-json\/wp\/v2\/product_tag?post=1854"}],"curies":[{"name":"wp","href":"https:\/\/api.w.org\/{rel}","templated":true}]}}