{"id":1971,"date":"2023-09-25T13:56:06","date_gmt":"2023-09-25T13:56:06","guid":{"rendered":"https:\/\/benigal.eu\/?post_type=product&#038;p=1971"},"modified":"2023-09-26T10:26:45","modified_gmt":"2023-09-26T10:26:45","slug":"sementes-de-strelitzia-o-ave-do-paraiso-batlle","status":"publish","type":"product","link":"https:\/\/benigal.eu\/index.php\/product\/sementes-de-strelitzia-o-ave-do-paraiso-batlle\/","title":{"rendered":"Pacote de Sementes Batlle Strelitzia Ave do Para\u00edso"},"content":{"rendered":"<p>Strelitzia o Ave do Para\u00edso.<\/p>\n<p>Uso: Para decora\u00e7\u00e3o de jardim e para flores cortadas.<\/p>\n<p>Forma de cultivo: em canteiro em cama quente e transplante quando a planta tem um ano de idade.<\/p>\n<p>Rega abundante no ver\u00e3o.<\/p>\n<p>Semeadura: de janeiro a dezembro.<\/p>\n<p>Flora\u00e7\u00e3o: Todo o ano. A primeira flor sair\u00e1 3 ou 4 anos depois.<\/p>\n","protected":false},"excerpt":{"rendered":"<p>Strelitzia o Ave do Para\u00edso<\/p>\n","protected":false},"featured_media":2173,"template":"","meta":[],"product_cat":[15],"product_tag":[],"jetpack_sharing_enabled":true,"_links":{"self":[{"href":"https:\/\/benigal.eu\/index.php\/wp-json\/wp\/v2\/product\/1971"}],"collection":[{"href":"https:\/\/benigal.eu\/index.php\/wp-json\/wp\/v2\/product"}],"about":[{"href":"https:\/\/benigal.eu\/index.php\/wp-json\/wp\/v2\/types\/product"}],"wp:featuredmedia":[{"embeddable":true,"href":"https:\/\/benigal.eu\/index.php\/wp-json\/wp\/v2\/media\/2173"}],"wp:attachment":[{"href":"https:\/\/benigal.eu\/index.php\/wp-json\/wp\/v2\/media?parent=1971"}],"wp:term":[{"taxonomy":"product_cat","embeddable":true,"href":"https:\/\/benigal.eu\/index.php\/wp-json\/wp\/v2\/product_cat?post=1971"},{"taxonomy":"product_tag","embeddable":true,"href":"https:\/\/benigal.eu\/index.php\/wp-json\/wp\/v2\/product_tag?post=1971"}],"curies":[{"name":"wp","href":"https:\/\/api.w.org\/{rel}","templated":true}]}}