{"id":2034,"date":"2023-09-23T11:45:47","date_gmt":"2023-09-23T11:45:47","guid":{"rendered":"https:\/\/benigal.eu\/?post_type=product&#038;p=2034"},"modified":"2023-12-28T12:28:04","modified_gmt":"2023-12-28T12:28:04","slug":"cabo-carregador-extra-largo-micro-usb-2-metros-2","status":"publish","type":"product","link":"https:\/\/benigal.eu\/index.php\/product\/cabo-carregador-extra-largo-micro-usb-2-metros-2\/","title":{"rendered":"Cabo Carregador Extra largo Micro USB 2 metros"},"content":{"rendered":"<p>Cabos de Mais Alto padr\u00e3o de qualidade, coberto por qualidade premium jaqueta de nylon tran\u00e7ado. Estes cabos s\u00e3o resistentes o suficiente para suportar o uso pesado, mas ainda em \u00f3timo desempenho.<\/p>\n<p>Compat\u00edvel para Dispositivos de Micro-alimentado por USB: para a Samsung, para o Kindle, para HTC, para a Motorola, para a Nokia, para a LG, Android Smartphones, para Galaxy S7 Borda, J7, por Nota 5, MP3, para a Sony, dispositivos GPS, c\u00e2meras, filmadoras, consolas de jogos, e muito mais.<\/p>\n<p>DATA-SYNC &amp; CARREGAMENTO R\u00c1PIDO (USB 2.0): suporta seguran\u00e7a de alta-velocidade de carregamento (5 V\/3A) e r\u00e1pida transfer\u00eancia de dados (480 Mbps). * N\u00e3o \u00e9 Compat\u00edvel com o Tipo C ou para a s\u00e9rie do iPhone!. Sua durabilidade, conectividade, compatibilidade, eo desempenho \u00e9 perfeito!<\/p>\n<p>Item 8 Pin 5pin Micro USB de Carregamento r\u00e1pido &amp; Cabo de Sincroniza\u00e7\u00e3o de Dados<\/p>\n<p>Cor Preto e Branco<\/p>\n<p>Comprimento 2 metros<\/p>\n","protected":false},"excerpt":{"rendered":"<p>Cabo Carregador Extra largo Micro USB 2 metros<\/p>\n","protected":false},"featured_media":2032,"template":"","meta":[],"product_cat":[55],"product_tag":[],"jetpack_sharing_enabled":true,"_links":{"self":[{"href":"https:\/\/benigal.eu\/index.php\/wp-json\/wp\/v2\/product\/2034"}],"collection":[{"href":"https:\/\/benigal.eu\/index.php\/wp-json\/wp\/v2\/product"}],"about":[{"href":"https:\/\/benigal.eu\/index.php\/wp-json\/wp\/v2\/types\/product"}],"wp:featuredmedia":[{"embeddable":true,"href":"https:\/\/benigal.eu\/index.php\/wp-json\/wp\/v2\/media\/2032"}],"wp:attachment":[{"href":"https:\/\/benigal.eu\/index.php\/wp-json\/wp\/v2\/media?parent=2034"}],"wp:term":[{"taxonomy":"product_cat","embeddable":true,"href":"https:\/\/benigal.eu\/index.php\/wp-json\/wp\/v2\/product_cat?post=2034"},{"taxonomy":"product_tag","embeddable":true,"href":"https:\/\/benigal.eu\/index.php\/wp-json\/wp\/v2\/product_tag?post=2034"}],"curies":[{"name":"wp","href":"https:\/\/api.w.org\/{rel}","templated":true}]}}