{"id":2038,"date":"2023-09-23T11:50:34","date_gmt":"2023-09-23T11:50:34","guid":{"rendered":"https:\/\/benigal.eu\/?post_type=product&#038;p=2038"},"modified":"2023-12-28T12:27:55","modified_gmt":"2023-12-28T12:27:55","slug":"cabo-carregador-extra-largo-usb-tipo-c-2-metros","status":"publish","type":"product","link":"https:\/\/benigal.eu\/index.php\/product\/cabo-carregador-extra-largo-usb-tipo-c-2-metros\/","title":{"rendered":"Cabo Carregador Extra largo USB Tipo C 2 metros"},"content":{"rendered":"<p>Cabo Carregador extra largo USB. Comprimento: 2mts<\/p>\n<p>Tipo C R\u00e1pido USB Carregador de Sincroniza\u00e7\u00e3o de Dados Cabo de Nylon Tran\u00e7ado<\/p>\n<p>Este USB Cabo C pode rapidamente carga bem para Samsung Galaxy Nota 8 9 10, para Samsung Galaxy S8\/S8 Plus S9 S9Plus S10 S10 5G.<\/p>\n<p>Para LG V30,V20, g6, G5, Moto z, Moto z2,Google Pixel XL,Nintendo Switch, nexo 5X\/6P, Lumia 950\/ 950XL.<\/p>\n<p>Para Huawei P9\/P9 plus\/Mate9, para Huawei P30 P30 20 Series para A Apple novo MacBook pro para Huawei Companheiro com 12&#8243; Retina Display e outro dispositivo usb tipo de cabo c.<\/p>\n<p>Excelente Durabilidade. O conector de a\u00e7o inoxid\u00e1vel cabe\u00e7as slot facilmente e com firmeza, e n\u00e3o vai ficar solto ou cair fora de seus dispositivos como o seu normal micro cabos. Cabo de Nylon tran\u00e7ado \u00e9 emaranhado livre e robusto promete-lhe uma experi\u00eancia perfeita de carregar seus dispositivos.<\/p>\n<p>Carga &amp; Sync, a velocidade M\u00e1xima de transfer\u00eancia de dados de 480 Mb\/s, padr\u00e3o 56kilohom e 22awg fio n\u00facleo resistor de identifica\u00e7\u00e3o. Carregar mais r\u00e1pido do que a maioria dos cabos padr\u00e3o, cabo de proteger os seus dispositivos de Alta-qualidade e cobrando adaptadores de danos.<\/p>\n<p>Comprimento: 2mts<\/p>\n<p>Cor: Preto e Branco<\/p>\n<p>Material: Cabe\u00e7a em liga de alum\u00ednio, fio de nylon tran\u00e7ado, n\u00facleo do fio de cobre<\/p>\n<p>Pot\u00eancia de carga\/Velocidade de Dados Apoio 3A carregamento r\u00e1pido, Max480 Mb\/s Velocidade<\/p>\n<p>Tipo de USB: 3.0 ou 3.1<\/p>\n<p>Fun\u00e7\u00e3o: Sincroniza\u00e7\u00e3o de dados e carregar o seu dispositivo<\/p>\n<p>Certificado: BSCI, CE, ROSE, FCC<\/p>\n","protected":false},"excerpt":{"rendered":"<p>Cabo Carregador largo USB -Tipo C-2 metro Samsung S8 S9 S10 Nintendo L<\/p>\n","protected":false},"featured_media":2036,"template":"","meta":[],"product_cat":[55],"product_tag":[],"jetpack_sharing_enabled":true,"_links":{"self":[{"href":"https:\/\/benigal.eu\/index.php\/wp-json\/wp\/v2\/product\/2038"}],"collection":[{"href":"https:\/\/benigal.eu\/index.php\/wp-json\/wp\/v2\/product"}],"about":[{"href":"https:\/\/benigal.eu\/index.php\/wp-json\/wp\/v2\/types\/product"}],"wp:featuredmedia":[{"embeddable":true,"href":"https:\/\/benigal.eu\/index.php\/wp-json\/wp\/v2\/media\/2036"}],"wp:attachment":[{"href":"https:\/\/benigal.eu\/index.php\/wp-json\/wp\/v2\/media?parent=2038"}],"wp:term":[{"taxonomy":"product_cat","embeddable":true,"href":"https:\/\/benigal.eu\/index.php\/wp-json\/wp\/v2\/product_cat?post=2038"},{"taxonomy":"product_tag","embeddable":true,"href":"https:\/\/benigal.eu\/index.php\/wp-json\/wp\/v2\/product_tag?post=2038"}],"curies":[{"name":"wp","href":"https:\/\/api.w.org\/{rel}","templated":true}]}}