{"id":2179,"date":"2023-09-25T14:31:39","date_gmt":"2023-09-25T14:31:39","guid":{"rendered":"https:\/\/benigal.eu\/?post_type=product&#038;p=2179"},"modified":"2023-09-28T09:45:29","modified_gmt":"2023-09-28T09:45:29","slug":"semente-flor-do-alheli-excelsior-gigante-matthiola-incana-batlle","status":"publish","type":"product","link":"https:\/\/benigal.eu\/index.php\/product\/semente-flor-do-alheli-excelsior-gigante-matthiola-incana-batlle\/","title":{"rendered":"Pacote de Sementes Batlle Flor do Alhel\u00ed Excelsior Gigante &#8211; Matthiola Incana"},"content":{"rendered":"<p>Alheli\u00a0 Sortido<\/p>\n<p>Anual. Altura: 70 cm.<\/p>\n<p>Uso: Potes, s\u00f3lidos, bordas e como flor cortada<\/p>\n<p>Forma de cultivo: canteiro.<\/p>\n<p>Transplante quando as pl\u00e2ntulas atingirem 12 cm de altura a 25 cm de separa\u00e7\u00e3o.<\/p>\n<p>Semeadura: primavera e ver\u00e3o<\/p>\n<p>Flora\u00e7\u00e3o: primavera e ver\u00e3o<\/p>\n","protected":false},"excerpt":{"rendered":"<p>Flor do Alhel\u00ed Excelsior Gigante &#8211; Matthiola Incana<\/p>\n","protected":false},"featured_media":2181,"template":"","meta":[],"product_cat":[15],"product_tag":[],"jetpack_sharing_enabled":true,"_links":{"self":[{"href":"https:\/\/benigal.eu\/index.php\/wp-json\/wp\/v2\/product\/2179"}],"collection":[{"href":"https:\/\/benigal.eu\/index.php\/wp-json\/wp\/v2\/product"}],"about":[{"href":"https:\/\/benigal.eu\/index.php\/wp-json\/wp\/v2\/types\/product"}],"wp:featuredmedia":[{"embeddable":true,"href":"https:\/\/benigal.eu\/index.php\/wp-json\/wp\/v2\/media\/2181"}],"wp:attachment":[{"href":"https:\/\/benigal.eu\/index.php\/wp-json\/wp\/v2\/media?parent=2179"}],"wp:term":[{"taxonomy":"product_cat","embeddable":true,"href":"https:\/\/benigal.eu\/index.php\/wp-json\/wp\/v2\/product_cat?post=2179"},{"taxonomy":"product_tag","embeddable":true,"href":"https:\/\/benigal.eu\/index.php\/wp-json\/wp\/v2\/product_tag?post=2179"}],"curies":[{"name":"wp","href":"https:\/\/api.w.org\/{rel}","templated":true}]}}