{"id":2189,"date":"2023-09-25T15:02:24","date_gmt":"2023-09-25T15:02:24","guid":{"rendered":"https:\/\/benigal.eu\/?post_type=product&#038;p=2189"},"modified":"2024-04-04T14:27:35","modified_gmt":"2024-04-04T14:27:35","slug":"sementes-cereja-ornamental-japonese-saflax","status":"publish","type":"product","link":"https:\/\/benigal.eu\/index.php\/product\/sementes-cereja-ornamental-japonese-saflax\/","title":{"rendered":"Pacote de Sementes Saflax Cereja Cerasus Campanulata"},"content":{"rendered":"<p>Cereja ornamental de Taiwan Prunus c. Cerasus Campanulata. Pacote de 10 sementes<\/p>\n<p>A partir do terceiro ano na primavera, a pequena cereja ornamental produz in\u00fameras flores em rosa escuro, que lembram um sino em forma. As pequenas cerejas ornamentais tamb\u00e9m atraem muitas aves canoras em busca de alimento. A pequena \u00e1rvore atinge uma altura de tr\u00eas a seis metros e \u00e9 ideal para zonas temperadas como uma \u00e1rvore de jardim devido \u00e0 sua resist\u00eancia \u00e0 geada.<\/p>\n<p>A cereja ornamental de Taiwan \u00e9 amplamente difundida na China, Taiwan, Jap\u00e3o e Vietn\u00e3, onde cresce principalmente em altitudes de cerca de 900 metros.<\/p>\n<p>Na casa, o cultivo a partir de sementes \u00e9 poss\u00edvel durante todo o ano. A semente deve primeiro ser estratificada. Refere-se ao est\u00edmulo da germina\u00e7\u00e3o por tratamento a frio. Primeiro coloque a semente em um saco pl\u00e1stico na \u00e1rea normal da geladeira por uma semana e depois em um recipiente com \u00e1gua em temperatura ambiente por um dia, o que leva ao incha\u00e7o e germina\u00e7\u00e3o ainda melhor. S\u00f3 ent\u00e3o coloque-o a cerca de um cent\u00edmetro de profundidade no solo \u00famido do vaso. Cubra o recipiente de propaga\u00e7\u00e3o com pel\u00edcula aderente, que voc\u00ea fornece com furos. Assim, a terra fica protegida da secagem.<\/p>\n<p>A cada dois ou tr\u00eas dias voc\u00ea deve remover o papel alum\u00ednio por 2 horas. Isso evita que o mofo se forme no solo em crescimento. Coloque o recipiente de cultivo em um lugar brilhante e quente com 15 a 20\u00b0 Celsius e mantenha o solo em crescimento \u00famido, mas n\u00e3o \u00famido. Depois de quatro a dez semanas, as primeiras mudas costumam aparecer.<\/p>\n<p>A cereja ornamental de Taiwan adora um local quente, brilhante e, de prefer\u00eancia, pleno sol.<\/p>\n<p>Cuidados: As demandas da cereja ornamental em solo de jardim s\u00e3o baixas, de modo que ela realmente cresce bem em quase qualquer solo. Ao manter um recipiente, voc\u00ea deve prestar aten\u00e7\u00e3o \u00e0 rega regular. Tamb\u00e9m \u00e9 necess\u00e1ria umidade suficiente quando plantada e, nas semanas quentes de ver\u00e3o, o solo n\u00e3o deve secar em nenhuma circunst\u00e2ncia. Nesta \u00e9poca de pouca chuva, voc\u00ea deve, portanto, regar a \u00e1rvore duas a tr\u00eas vezes por semana. De mar\u00e7o a setembro, o ideal \u00e9 fornecer nutrientes org\u00e2nicos \u00e0 cereja ornamental uma vez por m\u00eas.<\/p>\n<p>Ao manter em um recipiente, voc\u00ea deve certificar-se de que o torr\u00e3o de terra est\u00e1 protegido da geada e proteger o vaso de acordo com l\u00e3 ou pl\u00e1stico bolha no inverno. Devido \u00e0 queda de folhas, a necessidade de \u00e1gua e luz agora \u00e9 menor. Quando plantada, a cereja ornamental j\u00e1 \u00e9 resistente no primeiro ano.<\/p>\n<p>Bonsai: Sim<\/p>\n","protected":false},"excerpt":{"rendered":"<p>Pacote de Sementes Saflax Cereja ornamental Japonese Pacote de 10 semnetes.<\/p>\n","protected":false},"featured_media":2196,"template":"","meta":[],"product_cat":[15],"product_tag":[],"jetpack_sharing_enabled":true,"_links":{"self":[{"href":"https:\/\/benigal.eu\/index.php\/wp-json\/wp\/v2\/product\/2189"}],"collection":[{"href":"https:\/\/benigal.eu\/index.php\/wp-json\/wp\/v2\/product"}],"about":[{"href":"https:\/\/benigal.eu\/index.php\/wp-json\/wp\/v2\/types\/product"}],"wp:featuredmedia":[{"embeddable":true,"href":"https:\/\/benigal.eu\/index.php\/wp-json\/wp\/v2\/media\/2196"}],"wp:attachment":[{"href":"https:\/\/benigal.eu\/index.php\/wp-json\/wp\/v2\/media?parent=2189"}],"wp:term":[{"taxonomy":"product_cat","embeddable":true,"href":"https:\/\/benigal.eu\/index.php\/wp-json\/wp\/v2\/product_cat?post=2189"},{"taxonomy":"product_tag","embeddable":true,"href":"https:\/\/benigal.eu\/index.php\/wp-json\/wp\/v2\/product_tag?post=2189"}],"curies":[{"name":"wp","href":"https:\/\/api.w.org\/{rel}","templated":true}]}}