{"id":2201,"date":"2023-09-25T15:15:37","date_gmt":"2023-09-25T15:15:37","guid":{"rendered":"https:\/\/benigal.eu\/?post_type=product&#038;p=2201"},"modified":"2023-09-26T10:49:46","modified_gmt":"2023-09-26T10:49:46","slug":"2201","status":"publish","type":"product","link":"https:\/\/benigal.eu\/index.php\/product\/2201\/","title":{"rendered":"Pacote de Sementes Saflax de Urtica dioica Brennnessel"},"content":{"rendered":"<p>Pacote de 2000 sementes org\u00e2nicas certificadas por embalagem. Sementes de qualidade da Alemanha.<\/p>\n<p>N\u00e3o \u00e9 uma erva daninha, mas uma super erva &#8211; Deliciosa em saladas e como vegetal<\/p>\n<p>O cultivo \u00e9 melhor feito em um lugar ensolarado na casa a partir de fevereiro. Primeiro, coloque as sementes na geladeira por uma semana para estimular a germina\u00e7\u00e3o. A semente \u00e9 um germinador de luz. Polvilhe as sementes em substrato de coco \u00famido ou solo org\u00e2nico de ervas e pressione as sementes levemente.<\/p>\n<p>Cubra o recipiente de propaga\u00e7\u00e3o com pel\u00edcula aderente, que voc\u00ea fornece com furos. Assim, a terra fica protegida da secagem. A cada dois ou tr\u00eas dias voc\u00ea deve remover o papel alum\u00ednio por 2 horas. Isso evita o crescimento de mofo no solo. Coloque o recipiente de propaga\u00e7\u00e3o em local claro e quente a 20 a 25\u00b0 Celsius.<\/p>\n<p>Mantenha a superf\u00edcie do solo \u00famido (por exemplo, com um pulverizador de \u00e1gua), mas n\u00e3o \u00famido. Dependendo da temperatura de crescimento, as primeiras mudas aparecer\u00e3o ap\u00f3s duas a cinco semanas. As plantas cultivadas dentro de casa podem ser movidas para o exterior com todo o fardo a partir de maio, quando a geada noturna n\u00e3o \u00e9 mais esperada, a fim de evitar estresse para a planta.<\/p>\n<p>Localiza\u00e7\u00e3o, a\u00a0planta adora sol, calor e um lugar protegido do vento para desenvolver plenamente seu aroma.<\/p>\n<p>Cuidados: Mantenha sempre o solo levemente \u00famido, mas n\u00e3o molhado. Regue assim que a camada superior do solo secar. N\u00e3o adube de forma alguma ou apenas levemente com composto ou adubo org\u00e2nico \u00e0 base de plantas.<\/p>\n<p>No inverno, replante no ano seguinte.<\/p>\n","protected":false},"excerpt":{"rendered":"<p>Pacote de 2000 sementes org\u00e2nicas certificadas por embalagem. Sementes de qualidade da Alemanha.<\/p>\n<p>&nbsp;<\/p>\n","protected":false},"featured_media":2286,"template":"","meta":[],"product_cat":[15],"product_tag":[],"jetpack_sharing_enabled":true,"_links":{"self":[{"href":"https:\/\/benigal.eu\/index.php\/wp-json\/wp\/v2\/product\/2201"}],"collection":[{"href":"https:\/\/benigal.eu\/index.php\/wp-json\/wp\/v2\/product"}],"about":[{"href":"https:\/\/benigal.eu\/index.php\/wp-json\/wp\/v2\/types\/product"}],"wp:featuredmedia":[{"embeddable":true,"href":"https:\/\/benigal.eu\/index.php\/wp-json\/wp\/v2\/media\/2286"}],"wp:attachment":[{"href":"https:\/\/benigal.eu\/index.php\/wp-json\/wp\/v2\/media?parent=2201"}],"wp:term":[{"taxonomy":"product_cat","embeddable":true,"href":"https:\/\/benigal.eu\/index.php\/wp-json\/wp\/v2\/product_cat?post=2201"},{"taxonomy":"product_tag","embeddable":true,"href":"https:\/\/benigal.eu\/index.php\/wp-json\/wp\/v2\/product_tag?post=2201"}],"curies":[{"name":"wp","href":"https:\/\/api.w.org\/{rel}","templated":true}]}}