{"id":2317,"date":"2023-09-26T14:28:07","date_gmt":"2023-09-26T14:28:07","guid":{"rendered":"https:\/\/benigal.eu\/?post_type=product&#038;p=2317"},"modified":"2023-12-29T18:19:19","modified_gmt":"2023-12-29T18:19:19","slug":"estojo-bolsa-de-maquilhagem-para-casa-de-banho-2","status":"publish","type":"product","link":"https:\/\/benigal.eu\/index.php\/product\/estojo-bolsa-de-maquilhagem-para-casa-de-banho-2\/","title":{"rendered":"Estojo Bolsa de maquilhagem para Casa de banho"},"content":{"rendered":"<p>Bolsa &#8211; Estojo para maquilhagem multiusos ideal para viagens e organiza\u00e7\u00e3o e arruma\u00e7\u00e3o na casa de banho, vem com asa<\/p>\n<p>Material: Poli\u00e9ster<\/p>\n<p>Tamanho: 23 * 17 cm<\/p>\n<p>Cor: Azul<\/p>\n<p>C\u00f3digo do produto: MW-TB-090<\/p>\n","protected":false},"excerpt":{"rendered":"<p>Bolsa \/ Estojo para maquilhagem \/ viagens \/ casa de banho com asa cor Azul<\/p>\n","protected":false},"featured_media":2313,"template":"","meta":[],"product_cat":[61,63],"product_tag":[],"jetpack_sharing_enabled":true,"_links":{"self":[{"href":"https:\/\/benigal.eu\/index.php\/wp-json\/wp\/v2\/product\/2317"}],"collection":[{"href":"https:\/\/benigal.eu\/index.php\/wp-json\/wp\/v2\/product"}],"about":[{"href":"https:\/\/benigal.eu\/index.php\/wp-json\/wp\/v2\/types\/product"}],"wp:featuredmedia":[{"embeddable":true,"href":"https:\/\/benigal.eu\/index.php\/wp-json\/wp\/v2\/media\/2313"}],"wp:attachment":[{"href":"https:\/\/benigal.eu\/index.php\/wp-json\/wp\/v2\/media?parent=2317"}],"wp:term":[{"taxonomy":"product_cat","embeddable":true,"href":"https:\/\/benigal.eu\/index.php\/wp-json\/wp\/v2\/product_cat?post=2317"},{"taxonomy":"product_tag","embeddable":true,"href":"https:\/\/benigal.eu\/index.php\/wp-json\/wp\/v2\/product_tag?post=2317"}],"curies":[{"name":"wp","href":"https:\/\/api.w.org\/{rel}","templated":true}]}}