{"id":2454,"date":"2023-10-07T15:37:47","date_gmt":"2023-10-07T15:37:47","guid":{"rendered":"https:\/\/benigal.eu\/?post_type=product&#038;p=2454"},"modified":"2023-10-07T16:25:14","modified_gmt":"2023-10-07T16:25:14","slug":"binoculo-8x21-uscamel-uw011","status":"publish","type":"product","link":"https:\/\/benigal.eu\/index.php\/product\/binoculo-8x21-uscamel-uw011\/","title":{"rendered":"Bin\u00f3culo 8&#215;21 USCAMEL UW011"},"content":{"rendered":"<p>Bin\u00f3culos compactos, 8 x 21, bin\u00f3culos, ideais para observa\u00e7\u00e3o de p\u00e1ssaros, campismo, ca\u00e7a, \u00f3pera, concertos.<\/p>\n<p>Tamanho compacto, desempenho potente, vis\u00e3o ultra-clara; as lentes adotam uma camada de pel\u00edcula azul. A taxa de luz Tong \u00e9 boa sem diferen\u00e7a de cor, clara e n\u00edtida; com revestimento de pel\u00edcula verde, revestimento de banda larga multicamada, pode desfrutar de uma vis\u00e3o ultraclara.<\/p>\n<p>O design novo de grande capacidade 8x, o artigo mais sofisticado em produtos de tamanho de espelho de bolso, com rolo de foco central de grande amplia\u00e7\u00e3o, para garantir clareza e estabilidade; olho direito de ajuste fino, pode ver uma vis\u00e3o clara. Depois de ajustar o rolo central e o olho direito novamente, pode definir a vis\u00e3o HD de alta pot\u00eancia.<\/p>\n<p>Design incorporado de grande angular, amplo alcance de vis\u00e3o, imagem mais ampla, conforto na visualiza\u00e7\u00e3o, experi\u00eancia de uma festa visual descontra\u00edda e feliz; pequeno e fino, com tamanho de m\u00e3o, apenas 9 x 10 x 4 cm e peso de 170 g<\/p>\n<p>Bin\u00f3culos padr\u00e3o, de bolso, correias, pano especial para limpar as lentes, manual de instru\u00e7\u00f5es e caixa de embalagem<\/p>\n","protected":false},"excerpt":{"rendered":"<p>131M\/1000M Binoculo 9 x 10 x 4 cm e peso de 170 g<\/p>\n","protected":false},"featured_media":2455,"template":"","meta":[],"product_cat":[15,57,59,58],"product_tag":[],"jetpack_sharing_enabled":true,"_links":{"self":[{"href":"https:\/\/benigal.eu\/index.php\/wp-json\/wp\/v2\/product\/2454"}],"collection":[{"href":"https:\/\/benigal.eu\/index.php\/wp-json\/wp\/v2\/product"}],"about":[{"href":"https:\/\/benigal.eu\/index.php\/wp-json\/wp\/v2\/types\/product"}],"wp:featuredmedia":[{"embeddable":true,"href":"https:\/\/benigal.eu\/index.php\/wp-json\/wp\/v2\/media\/2455"}],"wp:attachment":[{"href":"https:\/\/benigal.eu\/index.php\/wp-json\/wp\/v2\/media?parent=2454"}],"wp:term":[{"taxonomy":"product_cat","embeddable":true,"href":"https:\/\/benigal.eu\/index.php\/wp-json\/wp\/v2\/product_cat?post=2454"},{"taxonomy":"product_tag","embeddable":true,"href":"https:\/\/benigal.eu\/index.php\/wp-json\/wp\/v2\/product_tag?post=2454"}],"curies":[{"name":"wp","href":"https:\/\/api.w.org\/{rel}","templated":true}]}}