{"id":2467,"date":"2023-11-25T13:27:55","date_gmt":"2023-11-25T13:27:55","guid":{"rendered":"https:\/\/benigal.eu\/?post_type=product&#038;p=2467"},"modified":"2024-02-03T10:44:24","modified_gmt":"2024-02-03T10:44:24","slug":"superthings-balloon-boxer-3-superthings-e-1-kazoom-kid-exclusivos","status":"publish","type":"product","link":"https:\/\/benigal.eu\/index.php\/product\/superthings-balloon-boxer-3-superthings-e-1-kazoom-kid-exclusivos\/","title":{"rendered":"SUPERTHINGS Balloon Boxer 3 SuperThings e 1 Kazoom Kid exclusivos"},"content":{"rendered":"<p>Rivals of Kaboom Balloon Boxer, \u00d3timo ve\u00edculo com dois ve\u00edculos acopl\u00e1veis, 3 SuperThings e 1 Kazoom Kid exclusivos.<\/p>\n<p>Figuras exclusivas: cont\u00e9m 1 Kazoom Kid vil\u00e3o e 3 SuperThings exclusivos.<\/p>\n<p>Divers\u00e3o garantida, ve\u00edculo de grande jogabilidade com v\u00e1rias a\u00e7\u00f5es para desenvolver a imagina\u00e7\u00e3o dos mais pequenos.<\/p>\n<p>Junte-se \u00e0 equipa dos vilanos! Est\u00e1 pronto para a batalha? Ataque com o rolo, atire e salte!<\/p>\n<p>Divers\u00e3o garantida, os SuperThings s\u00e3o objetos quotidianos que ganharam vida e se transformaram em super-her\u00f3is e vil\u00f5es, e vivem todos em Kaboom City.<\/p>\n<p>Descubra todas as suas aventuras no canal do YouTube da Magic Box.<\/p>\n<p>N\u00famero do modelo \u200e\u200ePSTSP414IN00<\/p>\n","protected":false},"excerpt":{"rendered":"<p>Rivals of Kaboom \u200ePSTSP414IN00 Balloon Boxer, ve\u00edculo grande com dois ve\u00edculos acopl\u00e1veis, 3 Superzings e 1 Kazoom Kid exclusivos<\/p>\n<p>&nbsp;<\/p>\n<p>&nbsp;<\/p>\n","protected":false},"featured_media":2471,"template":"","meta":[],"product_cat":[60,56],"product_tag":[],"jetpack_sharing_enabled":true,"_links":{"self":[{"href":"https:\/\/benigal.eu\/index.php\/wp-json\/wp\/v2\/product\/2467"}],"collection":[{"href":"https:\/\/benigal.eu\/index.php\/wp-json\/wp\/v2\/product"}],"about":[{"href":"https:\/\/benigal.eu\/index.php\/wp-json\/wp\/v2\/types\/product"}],"wp:featuredmedia":[{"embeddable":true,"href":"https:\/\/benigal.eu\/index.php\/wp-json\/wp\/v2\/media\/2471"}],"wp:attachment":[{"href":"https:\/\/benigal.eu\/index.php\/wp-json\/wp\/v2\/media?parent=2467"}],"wp:term":[{"taxonomy":"product_cat","embeddable":true,"href":"https:\/\/benigal.eu\/index.php\/wp-json\/wp\/v2\/product_cat?post=2467"},{"taxonomy":"product_tag","embeddable":true,"href":"https:\/\/benigal.eu\/index.php\/wp-json\/wp\/v2\/product_tag?post=2467"}],"curies":[{"name":"wp","href":"https:\/\/api.w.org\/{rel}","templated":true}]}}