{"id":2484,"date":"2023-11-30T11:46:32","date_gmt":"2023-11-30T11:46:32","guid":{"rendered":"https:\/\/benigal.eu\/?post_type=product&#038;p=2484"},"modified":"2025-04-23T15:05:11","modified_gmt":"2025-04-23T15:05:11","slug":"maquina-tosquiar-bonve-pet-cortar-pelos-animais","status":"publish","type":"product","link":"https:\/\/benigal.eu\/index.php\/product\/maquina-tosquiar-bonve-pet-cortar-pelos-animais\/","title":{"rendered":"M\u00e1quina Tosquiar NWOUIIAY  Cortar Pelos Animais"},"content":{"rendered":"<p>O Kit de Maquina de cortar Pelos Animais contem:<\/p>\n<p>1 corta-unhas para animais de estima\u00e7\u00e3o com l\u00e2mina de cer\u00e2mica,<\/p>\n<p>6 acess\u00f3rios de pente,<\/p>\n<p>1 tesoura de a\u00e7o inoxid\u00e1vel,<\/p>\n<p>1 pente de a\u00e7o inoxid\u00e1vel,<\/p>\n<p>1 corta unhas<\/p>\n<p>1 lima de unhas<\/p>\n<p>1 escova de limpeza,<\/p>\n<p>1 cabo de carregamento USB,<\/p>\n<p>1 manual de utilizador.<\/p>\n<p>Tecnologia de baixo ru\u00eddo: m\u00e1quina de cortar pelos profissionais para animais de estima\u00e7\u00e3o com motor de alta precis\u00e3o, baixa vibra\u00e7\u00e3o e design de baixo ru\u00eddo, que proporcionam uma experi\u00eancia mais relaxante para os seus animais de estima\u00e7\u00e3o. A taxa de ru\u00eddo \u00e9 inferior a 50 db, para ajudar o seu animal de estima\u00e7\u00e3o a sentir-se confort\u00e1vel enquanto se barbea, n\u00e3o tenha mais medo do corte de cabelo. Ideal para c\u00e3es sens\u00edveis ao ru\u00eddo.<\/p>\n<p>Design sem fios: com m\u00e1quina de cortar fios para animais de estima\u00e7\u00e3o, pode organizar o seu animal de estima\u00e7\u00e3o em qualquer lugar da sua casa ou mesmo no exterior, n\u00e3o se preocupe com os cabos para limitar o seu movimento. A fonte de alimenta\u00e7\u00e3o USB permite carregar a qualquer hora e em qualquer lugar.<\/p>\n<p>Acess\u00f3rios completos, 14 em 1: com roda de ajuste fino, tem 5 alturas ajust\u00e1veis (0,8 mm &#8211; 2,2 mm) e est\u00e1 equipado com 4 pentes guia (3 mm\/6 mm\/9 mm, 12 mm), com diferentes comprimentos e 2 pentes guia especial (esquerda\/direita). Al\u00e9m disso, a embalagem tamb\u00e9m inclui 1 tesoura de cabeleireiro, 1 pente de a\u00e7o inoxid\u00e1vel, 1 corta-unhas, 1 lima de unhas, 1 escova de limpeza, 1 cabo de carregamento e 1 manual.<\/p>\n<p>IPX7 e corpo lav\u00e1vel: o aparador para gatos \u00e9 imperme\u00e1vel com n\u00edvel IPX7. Ao contr\u00e1rio dos cortadores de cabelo comuns, que s\u00f3 podem limpar a l\u00e2mina, a nossa pode ser lavada diretamente debaixo de \u00e1gua e \u00e9 simples e r\u00e1pido de limpar. Nota: n\u00e3o \u00e9 recomendado mergulh\u00e1-lo na \u00e1gua durante muito tempo.<\/p>\n","protected":false},"excerpt":{"rendered":"<p>Corta-pelos para animais de estima\u00e7\u00e3o IPX7 imperme\u00e1vel todo o corpo lav\u00e1vel m\u00e1quina c\u00e3es sem fios recarreg\u00e1vel para c\u00e3es e gatos com 6 pentes guia.<\/p>\n","protected":false},"featured_media":2815,"template":"","meta":[],"product_cat":[57,62],"product_tag":[],"jetpack_sharing_enabled":true,"_links":{"self":[{"href":"https:\/\/benigal.eu\/index.php\/wp-json\/wp\/v2\/product\/2484"}],"collection":[{"href":"https:\/\/benigal.eu\/index.php\/wp-json\/wp\/v2\/product"}],"about":[{"href":"https:\/\/benigal.eu\/index.php\/wp-json\/wp\/v2\/types\/product"}],"wp:featuredmedia":[{"embeddable":true,"href":"https:\/\/benigal.eu\/index.php\/wp-json\/wp\/v2\/media\/2815"}],"wp:attachment":[{"href":"https:\/\/benigal.eu\/index.php\/wp-json\/wp\/v2\/media?parent=2484"}],"wp:term":[{"taxonomy":"product_cat","embeddable":true,"href":"https:\/\/benigal.eu\/index.php\/wp-json\/wp\/v2\/product_cat?post=2484"},{"taxonomy":"product_tag","embeddable":true,"href":"https:\/\/benigal.eu\/index.php\/wp-json\/wp\/v2\/product_tag?post=2484"}],"curies":[{"name":"wp","href":"https:\/\/api.w.org\/{rel}","templated":true}]}}