{"id":2493,"date":"2023-11-30T11:59:13","date_gmt":"2023-11-30T11:59:13","guid":{"rendered":"https:\/\/benigal.eu\/?post_type=product&#038;p=2493"},"modified":"2023-12-16T11:37:34","modified_gmt":"2023-12-16T11:37:34","slug":"superthings-caixa-de-metal-extreme-riders-5-bonecos","status":"publish","type":"product","link":"https:\/\/benigal.eu\/index.php\/product\/superthings-caixa-de-metal-extreme-riders-5-bonecos\/","title":{"rendered":"SUPERTHINGS Caixa de Metal Extreme Riders 5 Bonecos"},"content":{"rendered":"<p>Lata Extreme Riders &#8211; 5 SuperThings her\u00f3is exclusivos que formam a equipa Extreme Riders.<\/p>\n<p>Transporte as suas SUPERTHINGS \u2013 Pode usar a lata para guardar ou transportar os seus SuperThings favoritos.<\/p>\n<p>Divers\u00e3o assegurada: os SuperThings s\u00e3o objetos do dia a dia que ganharam vida e se tornaram super-her\u00f3is e vil\u00f5es e vivem todos na cidade de Kaboom City.<\/p>\n<p>&nbsp;<\/p>\n","protected":false},"excerpt":{"rendered":"<p>SuperThings Lata Extreme Riders cont\u00e9m 5 Superzings exclusivas metalizadas<\/p>\n","protected":false},"featured_media":2494,"template":"","meta":[],"product_cat":[60,56],"product_tag":[],"jetpack_sharing_enabled":true,"_links":{"self":[{"href":"https:\/\/benigal.eu\/index.php\/wp-json\/wp\/v2\/product\/2493"}],"collection":[{"href":"https:\/\/benigal.eu\/index.php\/wp-json\/wp\/v2\/product"}],"about":[{"href":"https:\/\/benigal.eu\/index.php\/wp-json\/wp\/v2\/types\/product"}],"wp:featuredmedia":[{"embeddable":true,"href":"https:\/\/benigal.eu\/index.php\/wp-json\/wp\/v2\/media\/2494"}],"wp:attachment":[{"href":"https:\/\/benigal.eu\/index.php\/wp-json\/wp\/v2\/media?parent=2493"}],"wp:term":[{"taxonomy":"product_cat","embeddable":true,"href":"https:\/\/benigal.eu\/index.php\/wp-json\/wp\/v2\/product_cat?post=2493"},{"taxonomy":"product_tag","embeddable":true,"href":"https:\/\/benigal.eu\/index.php\/wp-json\/wp\/v2\/product_tag?post=2493"}],"curies":[{"name":"wp","href":"https:\/\/api.w.org\/{rel}","templated":true}]}}