{"id":2495,"date":"2023-11-30T15:50:29","date_gmt":"2023-11-30T15:50:29","guid":{"rendered":"https:\/\/benigal.eu\/?post_type=product&#038;p=2495"},"modified":"2024-03-19T12:43:54","modified_gmt":"2024-03-19T12:43:54","slug":"maquina-fotografica-digital-criancas-32gb-hd-1080p","status":"publish","type":"product","link":"https:\/\/benigal.eu\/index.php\/product\/maquina-fotografica-digital-criancas-32gb-hd-1080p\/","title":{"rendered":"M\u00e1quina fotogr\u00e1fica Digital Crian\u00e7as &#8211; 32Gb HD 1080P"},"content":{"rendered":"<p>Foto HD e design divertido: esta c\u00e2mara infantil est\u00e1 equipada com foco autom\u00e1tico, 12,0 megapixeis e ecr\u00e3 HD 1080P. Melhora significativamente a clareza das suas fotos, fornecendo imagens e v\u00eddeos de alta qualidade. Atirar com autocolantes de cabe\u00e7a grande permite que as crian\u00e7as tirem fotos com molduras e deixem algumas fotos divertidas para familiares ou amigos.<\/p>\n<p>C\u00e2mara multifuncional para crian\u00e7as e divertidos jogos de quebra-cabe\u00e7as: a c\u00e2mara digital infantil \u00e9 adequada para tirar fotos\/grava\u00e7\u00e3o de v\u00eddeo\/reprodu\u00e7\u00e3o\/lapso de tempo\/lapso de tempo, etc. Existem diferentes filtros dispon\u00edveis para as crian\u00e7as escolherem, estimular a sua imagina\u00e7\u00e3o e deixar as crian\u00e7as experimentarem a divers\u00e3o de diferentes personagens. Os jogos incluem Snake, Sokoban, Sokoban, Big Maze, etc. Estes jogos ajudam a desenvolver o pensamento reativo nas crian\u00e7as.<\/p>\n<p>Potente dura\u00e7\u00e3o da bateria: a c\u00e2mara infantil \u00e9 recarreg\u00e1vel e est\u00e1 equipada com uma bateria de l\u00edtio recarreg\u00e1vel de 600 mAh, que pode funcionar durante 2-3 horas o tempo todo e desliga-se automaticamente se n\u00e3o funcionar para manter a vida \u00fatil da c\u00e2mara. Bateria. Vem com um cart\u00e3o SD de 32 GB no m\u00e1ximo, que pode armazenar milhares de fotos ou centenas de v\u00eddeos.<\/p>\n<p>Bonita capa de silicone de desenhos animados e design port\u00e1til: feita de pl\u00e1stico ABS recicl\u00e1vel e de alta qualidade, leve e resistente a choques, o design duradouro evita quedas, ajudando os seus filhos a tirar fotos de forma confort\u00e1vel. Com um cord\u00e3o dur\u00e1vel, as crian\u00e7as podem pendurar a mini c\u00e2mara \u00e0 volta dos pesco\u00e7os sem se preocupar em cair ou perd\u00ea-la. Leve-o onde quer que v\u00e1 e captura o momento maravilhoso.<\/p>\n<p>Bom presente para o seu filho: esta c\u00e2mara \u00e9 uma boa companhia para a vida di\u00e1ria ou para as viagens de f\u00e9rias do seu filho. Esta c\u00e2mara infantil \u00e9 um \u00f3timo presente para anivers\u00e1rios, Natal, A\u00e7\u00e3o de Gra\u00e7as,<\/p>\n","protected":false},"excerpt":{"rendered":"<p>M\u00e1quina fotogr\u00e1fica \/ C\u00e2mara Crian\u00e7as Digital &#8211; 32Gb HD 1080P<\/p>\n","protected":false},"featured_media":2496,"template":"","meta":[],"product_cat":[60,56,55],"product_tag":[],"jetpack_sharing_enabled":true,"_links":{"self":[{"href":"https:\/\/benigal.eu\/index.php\/wp-json\/wp\/v2\/product\/2495"}],"collection":[{"href":"https:\/\/benigal.eu\/index.php\/wp-json\/wp\/v2\/product"}],"about":[{"href":"https:\/\/benigal.eu\/index.php\/wp-json\/wp\/v2\/types\/product"}],"wp:featuredmedia":[{"embeddable":true,"href":"https:\/\/benigal.eu\/index.php\/wp-json\/wp\/v2\/media\/2496"}],"wp:attachment":[{"href":"https:\/\/benigal.eu\/index.php\/wp-json\/wp\/v2\/media?parent=2495"}],"wp:term":[{"taxonomy":"product_cat","embeddable":true,"href":"https:\/\/benigal.eu\/index.php\/wp-json\/wp\/v2\/product_cat?post=2495"},{"taxonomy":"product_tag","embeddable":true,"href":"https:\/\/benigal.eu\/index.php\/wp-json\/wp\/v2\/product_tag?post=2495"}],"curies":[{"name":"wp","href":"https:\/\/api.w.org\/{rel}","templated":true}]}}