{"id":2501,"date":"2023-11-30T16:04:27","date_gmt":"2023-11-30T16:04:27","guid":{"rendered":"https:\/\/benigal.eu\/?post_type=product&#038;p=2501"},"modified":"2023-11-30T16:04:27","modified_gmt":"2023-11-30T16:04:27","slug":"espelho-de-maquilhagem-profissional-led","status":"publish","type":"product","link":"https:\/\/benigal.eu\/index.php\/product\/espelho-de-maquilhagem-profissional-led\/","title":{"rendered":"Espelho de Maquilhagem Profissional Led"},"content":{"rendered":"<p>Espelho de maquilhagem feito em material ABS de primeira qualidade com revestimento UV, apar\u00eancia perfeita e resist\u00eancia a arranh\u00f5es. De grande utilidade quando os homens fazem a barba ou as mulheres colocam batom\/lentes de contacto \/ p\u00f3 ou desenham sobrancelhas.<\/p>\n<p>Espelho de aumento 10 x 3 x 2 X 1 x mirror espelho espelho de maquilhagem com aumento 3 x 2 X 1 x com um espelho de aumento desmont\u00e1vel 10 x , uma vis\u00e3o grande angular para que possa ver todos os detalhes das suas caracter\u00edsticas faciais. Os espelhos iluminados s\u00e3o perfeitos para maquilhar, barbear, escovar os dentes, usar fio dental, esfoliar e muito mais.<\/p>\n<p>21 luzes LED ajust\u00e1veis, permite-lhe maquilhar em \u00e1reas escuras ou pouco iluminadas. Controlo de brilho das luzes LED pelo interruptor do sensor de toque. Mantenha pressionado o interruptor do sensor t\u00e1til para ajustar o brilho.<\/p>\n<p>Rota\u00e7\u00e3o de 180 graus e design remov\u00edvel: sendo girat\u00f3rio de 180 graus, o espelho de maquilhagem oferece diferentes \u00e2ngulos de vis\u00e3o para obter a melhor maquilhagem. O design triplo e desmont\u00e1vel torna o espelho port\u00e1til onde quer que v\u00e1. O buraco da base pode conter cosm\u00e9ticos, etc<\/p>\n<p>.<br \/>\nFonte de alimenta\u00e7\u00e3o dupla: este espelho LED pode funcionar com um cabo USB ou com 4 pilhas AAA (n\u00e3o inclu\u00eddas) para que funcione, tenha em conta que este espelho cosm\u00e9tico iluminado n\u00e3o pode armazenar energia).<\/p>\n","protected":false},"excerpt":{"rendered":"<p>Espelho cosm\u00e9tico de toucador, ecr\u00e3 t\u00e1til de aumento Tri-Fold 2X 3 x 10 X de aumento, rota\u00e7\u00e3o livre de 180 \u00b0, fonte de alimenta\u00e7\u00e3o dupla branca.<\/p>\n","protected":false},"featured_media":2502,"template":"","meta":[],"product_cat":[61,63],"product_tag":[],"jetpack_sharing_enabled":true,"_links":{"self":[{"href":"https:\/\/benigal.eu\/index.php\/wp-json\/wp\/v2\/product\/2501"}],"collection":[{"href":"https:\/\/benigal.eu\/index.php\/wp-json\/wp\/v2\/product"}],"about":[{"href":"https:\/\/benigal.eu\/index.php\/wp-json\/wp\/v2\/types\/product"}],"wp:featuredmedia":[{"embeddable":true,"href":"https:\/\/benigal.eu\/index.php\/wp-json\/wp\/v2\/media\/2502"}],"wp:attachment":[{"href":"https:\/\/benigal.eu\/index.php\/wp-json\/wp\/v2\/media?parent=2501"}],"wp:term":[{"taxonomy":"product_cat","embeddable":true,"href":"https:\/\/benigal.eu\/index.php\/wp-json\/wp\/v2\/product_cat?post=2501"},{"taxonomy":"product_tag","embeddable":true,"href":"https:\/\/benigal.eu\/index.php\/wp-json\/wp\/v2\/product_tag?post=2501"}],"curies":[{"name":"wp","href":"https:\/\/api.w.org\/{rel}","templated":true}]}}