{"id":2511,"date":"2023-11-30T16:32:47","date_gmt":"2023-11-30T16:32:47","guid":{"rendered":"https:\/\/benigal.eu\/?post_type=product&#038;p=2511"},"modified":"2024-09-28T12:39:18","modified_gmt":"2024-09-28T12:39:18","slug":"blocos-magneticos-de-construcao-42-pecas","status":"publish","type":"product","link":"https:\/\/benigal.eu\/index.php\/product\/blocos-magneticos-de-construcao-42-pecas\/","title":{"rendered":"Blocos Magn\u00e9ticos de Constru\u00e7\u00e3o 42 pe\u00e7as"},"content":{"rendered":"<p>Desenvolvimento criativo e cerebral: o seu filho pode criar figuras geom\u00e9tricas 3D com estes blocos de constru\u00e7\u00e3o magn\u00e9ticos enquanto brinca e aprende naturalmente os princ\u00edpios do \u00edman com a sensa\u00e7\u00e3o de poder magn\u00e9tico.<\/p>\n<p>\u00cdmanes poderosos de nova gera\u00e7\u00e3o: \u00edmanes 4 vezes mais potentes para uma melhor ader\u00eancia que permite construir figuras e estruturas ainda maiores.<\/p>\n<p>Alta qualidade certificada: estes blocos s\u00e3o feitos de pl\u00e1stico ABS n\u00e3o t\u00f3xico, resistente e compat\u00edvel com o contacto com alimentos. Os cantos arredondados n\u00e3o afiados s\u00e3o perfeitos para evitar les\u00f5es nas m\u00e3os dos seus filhos.<\/p>\n<p>Presente ideal para qualquer ocasi\u00e3o: \u00e9 adequado para se divertir sozinho ou v\u00e1rios e sentir o prazer do sucesso em grupo. \u00c9 adequado para todas as idades (3 anos ou mais) e oferece a oportunidade de se divertir em fam\u00edlia e com quem amamos.<\/p>\n<p>Este pacote cont\u00e9m 42 pe\u00e7as: 8 tri\u00e2ngulos equil\u00e1teros, 4 tri\u00e2ngulos retos, 4 tri\u00e2ngulos longos, 6 quadrados pequenos, 8 molduras de janela\/porta, 4 cart\u00f5es de janela, 8 cart\u00f5es de porta.<\/p>\n","protected":false},"excerpt":{"rendered":"<p>Brinquedo educativo\u00a0 3, 4, 5, 6, 7 anos, jogos de aprendizagem de constru\u00e7\u00e3o de 42 pe\u00e7as<\/p>\n","protected":false},"featured_media":2512,"template":"","meta":[],"product_cat":[60,56],"product_tag":[],"jetpack_sharing_enabled":true,"_links":{"self":[{"href":"https:\/\/benigal.eu\/index.php\/wp-json\/wp\/v2\/product\/2511"}],"collection":[{"href":"https:\/\/benigal.eu\/index.php\/wp-json\/wp\/v2\/product"}],"about":[{"href":"https:\/\/benigal.eu\/index.php\/wp-json\/wp\/v2\/types\/product"}],"wp:featuredmedia":[{"embeddable":true,"href":"https:\/\/benigal.eu\/index.php\/wp-json\/wp\/v2\/media\/2512"}],"wp:attachment":[{"href":"https:\/\/benigal.eu\/index.php\/wp-json\/wp\/v2\/media?parent=2511"}],"wp:term":[{"taxonomy":"product_cat","embeddable":true,"href":"https:\/\/benigal.eu\/index.php\/wp-json\/wp\/v2\/product_cat?post=2511"},{"taxonomy":"product_tag","embeddable":true,"href":"https:\/\/benigal.eu\/index.php\/wp-json\/wp\/v2\/product_tag?post=2511"}],"curies":[{"name":"wp","href":"https:\/\/api.w.org\/{rel}","templated":true}]}}