{"id":2519,"date":"2023-12-02T11:15:37","date_gmt":"2023-12-02T11:15:37","guid":{"rendered":"https:\/\/benigal.eu\/?post_type=product&#038;p=2519"},"modified":"2023-12-02T12:02:57","modified_gmt":"2023-12-02T12:02:57","slug":"carro-telecomando-baztoy-piruetas","status":"publish","type":"product","link":"https:\/\/benigal.eu\/index.php\/product\/carro-telecomando-baztoy-piruetas\/","title":{"rendered":"Carro Telecomando Baztoy Piruetas"},"content":{"rendered":"<p>Carro telecomandado com tamanhos grandes e design elegante. A carro\u00e7aria de pl\u00e1stico ABS resistente e n\u00e3o t\u00f3xico \u00e9 revestida com um acabamento brilhante. Bonita tinta amarela que evita a descolora\u00e7\u00e3o.<\/p>\n<p>O controlo remoto sens\u00edvel e preciso proporciona uma experi\u00eancia de condu\u00e7\u00e3o est\u00e1vel e suave.<\/p>\n<p>As luzes dianteiras brilhantes ficam \u00f3timas brincando no escuro.<\/p>\n<p>Traz divers\u00e3o infinita para brincar em ambientes internos e externos. Funciona bem em superf\u00edcies duras como pisos, pavimentos, etc.<\/p>\n<p>Excelente para jogar, correr, colecionar ou decorar.<\/p>\n<p>O carro precisa de 4 pilhas AA e controle remoto, 2 pilhas AA (n\u00e3o inclu\u00eddas).<\/p>\n","protected":false},"excerpt":{"rendered":"<p>Baztoy Carro telecomandado, 2,4 GHz, modelo de escala 1:24<\/p>\n","protected":false},"featured_media":2520,"template":"","meta":[],"product_cat":[60,56],"product_tag":[],"jetpack_sharing_enabled":true,"_links":{"self":[{"href":"https:\/\/benigal.eu\/index.php\/wp-json\/wp\/v2\/product\/2519"}],"collection":[{"href":"https:\/\/benigal.eu\/index.php\/wp-json\/wp\/v2\/product"}],"about":[{"href":"https:\/\/benigal.eu\/index.php\/wp-json\/wp\/v2\/types\/product"}],"wp:featuredmedia":[{"embeddable":true,"href":"https:\/\/benigal.eu\/index.php\/wp-json\/wp\/v2\/media\/2520"}],"wp:attachment":[{"href":"https:\/\/benigal.eu\/index.php\/wp-json\/wp\/v2\/media?parent=2519"}],"wp:term":[{"taxonomy":"product_cat","embeddable":true,"href":"https:\/\/benigal.eu\/index.php\/wp-json\/wp\/v2\/product_cat?post=2519"},{"taxonomy":"product_tag","embeddable":true,"href":"https:\/\/benigal.eu\/index.php\/wp-json\/wp\/v2\/product_tag?post=2519"}],"curies":[{"name":"wp","href":"https:\/\/api.w.org\/{rel}","templated":true}]}}