{"id":2526,"date":"2023-12-02T12:08:13","date_gmt":"2023-12-02T12:08:13","guid":{"rendered":"https:\/\/benigal.eu\/?post_type=product&#038;p=2526"},"modified":"2024-10-26T10:58:54","modified_gmt":"2024-10-26T10:58:54","slug":"peluche-unicornio-com-acessorios-para-meninas","status":"publish","type":"product","link":"https:\/\/benigal.eu\/index.php\/product\/peluche-unicornio-com-acessorios-para-meninas\/","title":{"rendered":"Peluche Unic\u00f3rnio com acess\u00f3rios para meninas"},"content":{"rendered":"<p>A caixa inclu\u00ed:<br \/>\nPeluches de unic\u00f3rnio macio e lav\u00e1vel.<br \/>\n10 clipes de diferentes formas.<br \/>\nConjunto de colar de pulseira,<br \/>\nLivro para colorir de unic\u00f3rnio,<br \/>\n6 pinc\u00e9is de cores diferentes.<\/p>\n<p>Unic\u00f3rnio de peluche abra\u00e7\u00e1vel: o peluche de animal de peluche \u00e9 feito de fibra de poli\u00e9ster de alta qualidade e algod\u00e3o PP, n\u00e3o t\u00f3xico. Os unic\u00f3rnios foram desenhados em aconchegar-se e abra\u00e7ar em mente, por isso usamos os materiais mais macios e luxuosos para torn\u00e1-los perfeitos para abra\u00e7ar e abra\u00e7ar.<\/p>\n<p>RPG de festa de unic\u00f3rnio: Existem muitos elementos de unic\u00f3rnio: ganchos de cabelo, fitas para a cabe\u00e7a, colar e \u00e1lbum de unic\u00f3rnio! Leve-os e fa\u00e7a um dramatiza\u00e7\u00e3o! Aproveite a festa do unic\u00f3rnio.<\/p>\n<p>Brinquedos educativos de unic\u00f3rnio: o jogo de brinquedos macios de unic\u00f3rnio tamb\u00e9m vem com um livro para colorir de unic\u00f3rnio e 6 pinc\u00e9is coloridos, ajuda a melhorar a capacidade de desenho das crian\u00e7as, cultiva a capacidade de coordena\u00e7\u00e3o dos olhos e estimula a capacidade criativa das crian\u00e7as.<\/p>\n<p>Presentes maravilhosos de unic\u00f3rnio de pel\u00facia: o belo jogo de unic\u00f3rnio \u00e9 um presente perfeito para o seu pequeno amante de unic\u00f3rnios. Bela decora\u00e7\u00e3o de unic\u00f3rnio para a sala de estar, quarto e cama dos amantes do pequeno unic\u00f3rnio. Ser\u00e1 uma \u00f3tima op\u00e7\u00e3o para anivers\u00e1rios, Natal, Baby Shower, etc.<\/p>\n","protected":false},"excerpt":{"rendered":"<p>Peluche de Unic\u00f3rnio com acess\u00f3rios para decoras, livro de desenho e cores mas um arco de cabelo para meninas.<\/p>\n","protected":false},"featured_media":2527,"template":"","meta":[],"product_cat":[60,56],"product_tag":[],"jetpack_sharing_enabled":true,"_links":{"self":[{"href":"https:\/\/benigal.eu\/index.php\/wp-json\/wp\/v2\/product\/2526"}],"collection":[{"href":"https:\/\/benigal.eu\/index.php\/wp-json\/wp\/v2\/product"}],"about":[{"href":"https:\/\/benigal.eu\/index.php\/wp-json\/wp\/v2\/types\/product"}],"wp:featuredmedia":[{"embeddable":true,"href":"https:\/\/benigal.eu\/index.php\/wp-json\/wp\/v2\/media\/2527"}],"wp:attachment":[{"href":"https:\/\/benigal.eu\/index.php\/wp-json\/wp\/v2\/media?parent=2526"}],"wp:term":[{"taxonomy":"product_cat","embeddable":true,"href":"https:\/\/benigal.eu\/index.php\/wp-json\/wp\/v2\/product_cat?post=2526"},{"taxonomy":"product_tag","embeddable":true,"href":"https:\/\/benigal.eu\/index.php\/wp-json\/wp\/v2\/product_tag?post=2526"}],"curies":[{"name":"wp","href":"https:\/\/api.w.org\/{rel}","templated":true}]}}