{"id":2542,"date":"2023-12-07T14:57:45","date_gmt":"2023-12-07T14:57:45","guid":{"rendered":"https:\/\/benigal.eu\/?post_type=product&#038;p=2542"},"modified":"2024-10-15T16:09:09","modified_gmt":"2024-10-15T16:09:09","slug":"barbie-tenda-de-campismo-boneca-malibu-e-brooklyn-mattel","status":"publish","type":"product","link":"https:\/\/benigal.eu\/index.php\/product\/barbie-tenda-de-campismo-boneca-malibu-e-brooklyn-mattel\/","title":{"rendered":"Barbie Tenda de Campismo Boneca Malibu e Brooklyn Mattel"},"content":{"rendered":"<p>Inclui 2 bonecas Barbie com roupas e sapatos modernos, 1 tenda de campismo com toldo, 1 tira de luz, 2 figuras de animais, 2 cadeiras, 1 cobertor, 1 telesc\u00f3pio, 1 fogueira, 2 jogos de cartas, 2 garrafas de \u00e1gua, 1 lanterna, 1 saco de comida, 2 palitos para todos. star nubes y 2 almofadas.<\/p>\n<p>Este conjunto Barbie It Takes Two inspira aventuras ao ar livre com as bonecas Barbie &#8216;Malibu&#8217; e Barbie &#8216;Brooklyn&#8217; Roberts e, al\u00e9m disso, inclui tudo o que essas melhores amigas precisam para criar o melhor acampamento.<\/p>\n<p>Na grande tenda de tecido cabe 4 pulsos e possui um toldo e uma tira de luzes muito bonitas.<br \/>\nAcampe com uma fogueira, 2 cadeiras dobr\u00e1veis, uma manta e um telesc\u00f3pio.<\/p>\n<p>D\u00ea as boas-vindas a 2 animais que querem ser seus amigos: pressione a cauda do coelhinho para ver como ele move as orelhas e a do esquilo para ver como come uma bolota.<\/p>\n<p>Conte hist\u00f3rias de acampamento \u00e0 luz da lua com palitos para assar nuvens, um candeeiro, um jogo de cartas, uma lanterna, um aperitivo, 2 garrafas de \u00e1gua e 2 almofadas coloridas.<\/p>\n","protected":false},"excerpt":{"rendered":"<p>Mattel HGC18<\/p>\n","protected":false},"featured_media":2543,"template":"","meta":[],"product_cat":[60,56],"product_tag":[],"jetpack_sharing_enabled":true,"_links":{"self":[{"href":"https:\/\/benigal.eu\/index.php\/wp-json\/wp\/v2\/product\/2542"}],"collection":[{"href":"https:\/\/benigal.eu\/index.php\/wp-json\/wp\/v2\/product"}],"about":[{"href":"https:\/\/benigal.eu\/index.php\/wp-json\/wp\/v2\/types\/product"}],"wp:featuredmedia":[{"embeddable":true,"href":"https:\/\/benigal.eu\/index.php\/wp-json\/wp\/v2\/media\/2543"}],"wp:attachment":[{"href":"https:\/\/benigal.eu\/index.php\/wp-json\/wp\/v2\/media?parent=2542"}],"wp:term":[{"taxonomy":"product_cat","embeddable":true,"href":"https:\/\/benigal.eu\/index.php\/wp-json\/wp\/v2\/product_cat?post=2542"},{"taxonomy":"product_tag","embeddable":true,"href":"https:\/\/benigal.eu\/index.php\/wp-json\/wp\/v2\/product_tag?post=2542"}],"curies":[{"name":"wp","href":"https:\/\/api.w.org\/{rel}","templated":true}]}}