{"id":2577,"date":"2024-02-03T12:58:48","date_gmt":"2024-02-03T12:58:48","guid":{"rendered":"https:\/\/benigal.eu\/?post_type=product&#038;p=2577"},"modified":"2024-07-25T15:53:42","modified_gmt":"2024-07-25T15:53:42","slug":"relogio-casio-vintage-a168wg","status":"publish","type":"product","link":"https:\/\/benigal.eu\/index.php\/product\/relogio-casio-vintage-a168wg\/","title":{"rendered":"Rel\u00f3gio Casio Vintage A168WG"},"content":{"rendered":"<p>DETALHES T\u00c9CNICOS<br \/>\nExatid\u00e3o +\/- 30 sec<\/p>\n<p>Alarme Alarme di\u00e1rio: recorda-o de eventos que ocorrem todos os dias, emitindo um sinal sonoro na hora programada.<\/p>\n<p>Calend\u00e1rio autom\u00e1tico Sim<\/p>\n<p>Material de pulseira Correia de a\u00e7o inoxid\u00e1vel<\/p>\n<p>Dura\u00e7\u00e3o de bateria 7 anos<\/p>\n<p>Tipo de bateria CR2016<\/p>\n<p>Marca CASIO Vintage<\/p>\n<p>Caixa Caixa de resina<\/p>\n<p>Cole\u00e7\u00e3o CASIO Vintage #ICONIC<\/p>\n<p>Fecho Fecho ajust\u00e1vel<\/p>\n<p>Cor de pulseira e de mostrador: ouro<\/p>\n<p>Digital \/ anal\u00f3gico Digital<\/p>\n<p>G\u00e9nero Unissexo<\/p>\n<p>Ilumina\u00e7\u00e3o: Um painel eletro &#8211; luminescente ilumina toda a superf\u00edcie, facilitando a leitura.<\/p>\n<p>Estilo retro \/ vintage<\/p>\n<p>Resist\u00eancia \u00e0 \u00e1gua 0 bar<\/p>\n<p>Dimens\u00f5es (A x L x P) 38,60 mm x 36,30 mm x 9,60 mm<\/p>\n<p>Peso 51,0 g<\/p>\n<p>Indica\u00e7\u00e3o das horas em formato 12\/24<br \/>\nAs horas podem ser indicadas num formato de 12 ou 24 horas.<\/p>\n<p>Classifica\u00e7\u00e3o de resist\u00eancia \u00e0 \u00e1gua (WR) segundo a norma ISO 2281<br \/>\nEste modelo \u00e9 resistente \u00e0 \u00e1gua segundo as normas DIN 8310\/ISO 2281, sendo, portanto, resistente a pequenos salpicos. Deve ser evitado qualquer contacto mais intenso com a \u00e1gua.<\/p>\n<p>Correia de a\u00e7o inoxid\u00e1vel<br \/>\nRobusta, resistente e elegante: a correia de pulso em a\u00e7o inoxid\u00e1vel d\u00e1 ao seu rel\u00f3gio um visual cl\u00e1ssico.<\/p>\n<p>Fun\u00e7\u00e3o de cron\u00f3metro &#8211; 1\/100 segundos &#8211; 1 hora<br \/>\nO tempo decorrido, o intervalo de tempo e o tempo final s\u00e3o medidos com uma exatid\u00e3o de 1\/100 segundos. O rel\u00f3gio pode medir per\u00edodos m\u00e1ximos de 1 hora.<\/p>\n","protected":false},"excerpt":{"rendered":"<p>Casio Vintage Modelo A168WG &#8211; 9EF Ouro<\/p>\n","protected":false},"featured_media":2578,"template":"","meta":[],"product_cat":[61,55],"product_tag":[],"jetpack_sharing_enabled":true,"_links":{"self":[{"href":"https:\/\/benigal.eu\/index.php\/wp-json\/wp\/v2\/product\/2577"}],"collection":[{"href":"https:\/\/benigal.eu\/index.php\/wp-json\/wp\/v2\/product"}],"about":[{"href":"https:\/\/benigal.eu\/index.php\/wp-json\/wp\/v2\/types\/product"}],"wp:featuredmedia":[{"embeddable":true,"href":"https:\/\/benigal.eu\/index.php\/wp-json\/wp\/v2\/media\/2578"}],"wp:attachment":[{"href":"https:\/\/benigal.eu\/index.php\/wp-json\/wp\/v2\/media?parent=2577"}],"wp:term":[{"taxonomy":"product_cat","embeddable":true,"href":"https:\/\/benigal.eu\/index.php\/wp-json\/wp\/v2\/product_cat?post=2577"},{"taxonomy":"product_tag","embeddable":true,"href":"https:\/\/benigal.eu\/index.php\/wp-json\/wp\/v2\/product_tag?post=2577"}],"curies":[{"name":"wp","href":"https:\/\/api.w.org\/{rel}","templated":true}]}}