{"id":2586,"date":"2024-02-03T13:09:16","date_gmt":"2024-02-03T13:09:16","guid":{"rendered":"https:\/\/benigal.eu\/?post_type=product&#038;p=2586"},"modified":"2024-02-03T13:11:50","modified_gmt":"2024-02-03T13:11:50","slug":"relogio-a-corda-em-aco-inoxidavel-vintage-2","status":"publish","type":"product","link":"https:\/\/benigal.eu\/index.php\/product\/relogio-a-corda-em-aco-inoxidavel-vintage-2\/","title":{"rendered":"Rel\u00f3gio a corda em a\u00e7o inoxid\u00e1vel Vintage"},"content":{"rendered":"<p>Rel\u00f3gio mec\u00e2nico de luxo para homem.<br \/>\nMostrador oco exclusivo.<br \/>\nN\u00fameros romanos.<br \/>\nPulseira de a\u00e7o inoxid\u00e1vel resistente.<\/p>\n<p>Resistente \u00e0 \u00e1gua para atender \u00e0s suas necessidades di\u00e1rias.<\/p>\n<p>Design de moda, movimento autom\u00e1tico de alta qualidade e face de vidro mineral de dureza, trazem conveni\u00eancia.<br \/>\nEste rel\u00f3gio mec\u00e2nico usa tecnologia avan\u00e7ada de chapeamento IP para mostrar o brilho do rel\u00f3gio, que n\u00e3o \u00e9 f\u00e1cil de desaparecer ou cair.<\/p>\n<p>Conte\u00fado do pacote:<br \/>\n&#8211; 1 rel\u00f3gio de a\u00e7o inoxid\u00e1vel.<br \/>\n&#8211; 1 manual (idioma espanhol n\u00e3o garantido).<br \/>\n&#8211; 1 ferramenta para ajustar o rel\u00f3gio.<br \/>\n&#8211; 1 presente requintado para o cliente.<\/p>\n<p>Como usar?<br \/>\nEste \u00e9 um rel\u00f3gio de corda manual, portanto, \u00e9 necess\u00e1rio dar corda manualmente para garantir que o rel\u00f3gio d\u00ea a hora correta.<br \/>\nD\u00ea corda ao rel\u00f3gio mec\u00e2nico girando a coroa no sentido hor\u00e1rio por 15 a 20 revolu\u00e7\u00f5es completas todos os dias. Mais de 20 vezes pode danificar o mecanismo do rel\u00f3gio.<\/p>\n<p>Nota:<br \/>\nO rel\u00f3gio \u00e9 \u00e0 prova d&#8217;\u00e1gua para o uso di\u00e1rio. Mas n\u00e3o deve ser usado no banheiro, sauna e outros ambientes multi-\u00e1gua ou de alta temperatura. Evite que o anel de borracha \u00e0 prova d&#8217;\u00e1gua seja inflado ou contra\u00eddo com a temperatura, isso ir\u00e1 causar vazios e acelerar o envelhecimento, afetando a fun\u00e7\u00e3o \u00e0 prova \u00e1gua.<br \/>\nEvite que o rel\u00f3gio se aproxime do campo magn\u00e9tico (como \u00edm\u00e3s, telefones celulares, geladeiras, computadores, etc., porque o campo magn\u00e9tico pode fazer com que o rel\u00f3gio seja impreciso ou pare temporariamente.<\/p>\n","protected":false},"excerpt":{"rendered":"<p>Rel\u00f3gios masculinos mec\u00e2nico de corda manual esqueleto cl\u00e1ssico moda em a\u00e7o inoxid\u00e1vel rel\u00f3gio vestido Steampunk.<\/p>\n","protected":false},"featured_media":2587,"template":"","meta":[],"product_cat":[61],"product_tag":[],"jetpack_sharing_enabled":true,"_links":{"self":[{"href":"https:\/\/benigal.eu\/index.php\/wp-json\/wp\/v2\/product\/2586"}],"collection":[{"href":"https:\/\/benigal.eu\/index.php\/wp-json\/wp\/v2\/product"}],"about":[{"href":"https:\/\/benigal.eu\/index.php\/wp-json\/wp\/v2\/types\/product"}],"wp:featuredmedia":[{"embeddable":true,"href":"https:\/\/benigal.eu\/index.php\/wp-json\/wp\/v2\/media\/2587"}],"wp:attachment":[{"href":"https:\/\/benigal.eu\/index.php\/wp-json\/wp\/v2\/media?parent=2586"}],"wp:term":[{"taxonomy":"product_cat","embeddable":true,"href":"https:\/\/benigal.eu\/index.php\/wp-json\/wp\/v2\/product_cat?post=2586"},{"taxonomy":"product_tag","embeddable":true,"href":"https:\/\/benigal.eu\/index.php\/wp-json\/wp\/v2\/product_tag?post=2586"}],"curies":[{"name":"wp","href":"https:\/\/api.w.org\/{rel}","templated":true}]}}