{"id":2592,"date":"2024-02-03T13:50:32","date_gmt":"2024-02-03T13:50:32","guid":{"rendered":"https:\/\/benigal.eu\/?post_type=product&#038;p=2592"},"modified":"2024-02-03T13:50:32","modified_gmt":"2024-02-03T13:50:32","slug":"navalha-para-desenho-barba-barber-tools","status":"publish","type":"product","link":"https:\/\/benigal.eu\/index.php\/product\/navalha-para-desenho-barba-barber-tools\/","title":{"rendered":"Navalha para desenho barba Barber Tools"},"content":{"rendered":"<p>Vem com L\u00e2mina de barbear 5 l\u00e2minas de l\u00e2mina dupla (10 l\u00e2minas simples) pano de polir vara hemost\u00e1tica armazenamento pu.<\/p>\n<p>Um encanto mais preciso: a navalha de barbear \u00e9 um cl\u00e1ssico muito popular para os homens da Barbus.<\/p>\n<p>O uso de uma navalha facilita a obten\u00e7\u00e3o de um barbear preciso e elegante. Permite tra\u00e7ar os contornos da barba e do bigode com mais facilidade.<\/p>\n<p>Um corte de perto: a navalha de barbear com as suas l\u00e2minas de qualidade ajuda a ter um barbear mais inteligente e o golpe precisa de um barbear com menos frequ\u00eancia.<\/p>\n<p>Parar a HEMORRAGIA: O hemost\u00e1tico \u00e9 ideal para o tratamento de microcortes e para acalmar os fogos de barbear, pois \u00e9 usado para impedir pequenas hemorragias que podem ocorrer durante o barbear e aliviar a sensa\u00e7\u00e3o de dor.<\/p>\n<p>Economia de dinheiro: \u00e9 verdade que precisa de comprar um novo equipamento quando come\u00e7ar. Mas, a longo prazo, o uso da navalha certamente vai economizar dinheiro, j\u00e1 que as l\u00e2minas s\u00e3o muito menos mais econ\u00f3micas do que as m\u00e1quinas de barbear tradicionais.<\/p>\n","protected":false},"excerpt":{"rendered":"<p>Navalha para desenho de barba com L\u00e2mina de barbear(5 l\u00e2minas de l\u00e2mina dupla (10 l\u00e2minas simples) pano de polir vara hemost\u00e1tica armazenamento pu.<\/p>\n","protected":false},"featured_media":2593,"template":"","meta":[],"product_cat":[61,63],"product_tag":[],"jetpack_sharing_enabled":true,"_links":{"self":[{"href":"https:\/\/benigal.eu\/index.php\/wp-json\/wp\/v2\/product\/2592"}],"collection":[{"href":"https:\/\/benigal.eu\/index.php\/wp-json\/wp\/v2\/product"}],"about":[{"href":"https:\/\/benigal.eu\/index.php\/wp-json\/wp\/v2\/types\/product"}],"wp:featuredmedia":[{"embeddable":true,"href":"https:\/\/benigal.eu\/index.php\/wp-json\/wp\/v2\/media\/2593"}],"wp:attachment":[{"href":"https:\/\/benigal.eu\/index.php\/wp-json\/wp\/v2\/media?parent=2592"}],"wp:term":[{"taxonomy":"product_cat","embeddable":true,"href":"https:\/\/benigal.eu\/index.php\/wp-json\/wp\/v2\/product_cat?post=2592"},{"taxonomy":"product_tag","embeddable":true,"href":"https:\/\/benigal.eu\/index.php\/wp-json\/wp\/v2\/product_tag?post=2592"}],"curies":[{"name":"wp","href":"https:\/\/api.w.org\/{rel}","templated":true}]}}