{"id":2596,"date":"2024-02-03T14:09:41","date_gmt":"2024-02-03T14:09:41","guid":{"rendered":"https:\/\/benigal.eu\/?post_type=product&#038;p=2596"},"modified":"2025-04-23T15:04:28","modified_gmt":"2025-04-23T15:04:28","slug":"lente-de-aumento-para-o-telemovel-angular-e-macro","status":"publish","type":"product","link":"https:\/\/benigal.eu\/index.php\/product\/lente-de-aumento-para-o-telemovel-angular-e-macro\/","title":{"rendered":"Lente de Aumento para o telem\u00f3vel Angular e Macro"},"content":{"rendered":"<p>Kit de lentes de telefone super ajustado: a lente HD profissional que minimiza o brilho, a reflex\u00e3o, os fantasmas e outros artefactos para uma excelente clareza. A constru\u00e7\u00e3o em alum\u00ednio de alta qualidade aumenta a durabilidade do produto. Experimente o desempenho de uma c\u00e2mera DSLR e tire fotos impressionantes.<\/p>\n<p>Lente macro de 12,5 x para telem\u00f3vel: com a lente de 49 mm de di\u00e2metro, pode tirar fotos a uma dist\u00e2ncia de 1,18 a 1,57 polegadas do seu objeto. Mais conveniente e potente para criar imagens n\u00edtidas e bonitas.<\/p>\n<p>Lente ultra grande angular: a lente grande angular de 0,45 aumentar\u00e1 consideravelmente a sua gama de \u00e2ngulo largo. Pode colocar toda a fam\u00edlia ou toda a equipa na imagem. Obter\u00e1 uma imagem grande angular de alta resolu\u00e7\u00e3o sem distor\u00e7\u00e3o.<\/p>\n<p>Vasta compatibilidade com a lente: o design universal de abra\u00e7adeira remov\u00edvel, funciona em todas as marcas e modelos populares de smartphones e tablets ou em qualquer lugar que possa imaginar. O clipe de borracha macia n\u00e3o arranhar\u00e1 nem danifica o seu dispositivo m\u00f3vel.<\/p>\n<p>Nota: a lente grande angular \u00e9 mais adequada para tirar fotos de uma cena maior. N\u00e3o deixe o objeto muito perto da lente, pois quanto mais perto a lente angular, mais evidente ser\u00e1 a distor\u00e7\u00e3o da lente. Pode ter um bom tempo em casa, pode ser usado para tirar fotos, tirar v\u00eddeos curtos, tomar vlog, youtube, transmiss\u00e3o ao vivo, etc.<\/p>\n","protected":false},"excerpt":{"rendered":"<p>Lente de telem\u00f3vel, conjunto de alvo 2 em 1 para telem\u00f3vel, alvo grande angular de 0,45 x e alvo macro de 12,5 x para iPhone, Android, Samsung e mais.<\/p>\n","protected":false},"featured_media":2597,"template":"","meta":[],"product_cat":[15,59,55],"product_tag":[],"jetpack_sharing_enabled":true,"_links":{"self":[{"href":"https:\/\/benigal.eu\/index.php\/wp-json\/wp\/v2\/product\/2596"}],"collection":[{"href":"https:\/\/benigal.eu\/index.php\/wp-json\/wp\/v2\/product"}],"about":[{"href":"https:\/\/benigal.eu\/index.php\/wp-json\/wp\/v2\/types\/product"}],"wp:featuredmedia":[{"embeddable":true,"href":"https:\/\/benigal.eu\/index.php\/wp-json\/wp\/v2\/media\/2597"}],"wp:attachment":[{"href":"https:\/\/benigal.eu\/index.php\/wp-json\/wp\/v2\/media?parent=2596"}],"wp:term":[{"taxonomy":"product_cat","embeddable":true,"href":"https:\/\/benigal.eu\/index.php\/wp-json\/wp\/v2\/product_cat?post=2596"},{"taxonomy":"product_tag","embeddable":true,"href":"https:\/\/benigal.eu\/index.php\/wp-json\/wp\/v2\/product_tag?post=2596"}],"curies":[{"name":"wp","href":"https:\/\/api.w.org\/{rel}","templated":true}]}}