{"id":2646,"date":"2024-02-16T14:55:55","date_gmt":"2024-02-16T14:55:55","guid":{"rendered":"https:\/\/benigal.eu\/?post_type=product&#038;p=2646"},"modified":"2024-05-02T11:45:20","modified_gmt":"2024-05-02T11:45:20","slug":"lampada-led-uv-unhas-gel-36-w-sensor-e-ecra-18-led-nail-art","status":"publish","type":"product","link":"https:\/\/benigal.eu\/index.php\/product\/lampada-led-uv-unhas-gel-36-w-sensor-e-ecra-18-led-nail-art\/","title":{"rendered":"L\u00e2mpada Led UV Unhas Gel 36 W sensor e ecr\u00e3 18 LED Nail Art"},"content":{"rendered":"<p>Secagem r\u00e1pida: fonte de luz dupla (fontes de luz UV e LED) com 18 luzes LED\/UV. A luz \u00e9 distribu\u00edda uniformemente no interior, n\u00e3o h\u00e1 nenhuma \u00e1rea morta, o que pode encurtar o tempo de secagem e tornar a secagem do gelinho das unhas mais r\u00e1pida.<\/p>\n<p>F\u00e1cil de usar e port\u00e1til: o secador UV para unhas pode ser ligado ou desligado automaticamente atrav\u00e9s da Smart Auto-Sensing sem pressionar nenhum bot\u00e3o.<\/p>\n<p>Adequado para secar todos os tipos de gelinho de unhas, strass e cola. Este secador de verniz de unhas \u00e9 compacto e f\u00e1cil de transportar. Desfrute da arte de pintar as unhas a qualquer hora e em qualquer lugar. Tem espa\u00e7o suficiente para secar uma m\u00e3o ou um p\u00e9 inteiros.~<\/p>\n<p>3 temporizadores e ecr\u00e3 LCD: o secador de unhas tem um temporizador de 30 s\/60 s\/90 s. Pode escolher o seu pr\u00f3prio intervalo de tempo conforme preferir. O ecr\u00e3 LCD de contagem decrescente por tempo \u00e9 mais conciso e intuitivo para ajud\u00e1-lo a lembrar-se da hora. Estas caracter\u00edsticas ajudam-no a poupar tempo e terminar a pintura das unhas perfeitamente.<\/p>\n<p>Sem danos: o secador para unhas tem uma fun\u00e7\u00e3o de dissipa\u00e7\u00e3o do calor integrada que n\u00e3o danifica a pele nem os olhos. As l\u00e2mpadas de secagem de unhas UV\/LED podem ligar-se atrav\u00e9s de uma porta USB.<\/p>\n","protected":false},"excerpt":{"rendered":"<p>L\u00e2mpada de unhas 18 LED \/ UV, Candeeiro secador de unhas 36 W, gel verniz de unhas curado,\u00a0 com temporizador, sensor autom\u00e1tico, ecr\u00e3 LCD e base remov\u00edvel para manicure\/pedicure.<\/p>\n","protected":false},"featured_media":2651,"template":"","meta":[],"product_cat":[61,63],"product_tag":[],"jetpack_sharing_enabled":true,"_links":{"self":[{"href":"https:\/\/benigal.eu\/index.php\/wp-json\/wp\/v2\/product\/2646"}],"collection":[{"href":"https:\/\/benigal.eu\/index.php\/wp-json\/wp\/v2\/product"}],"about":[{"href":"https:\/\/benigal.eu\/index.php\/wp-json\/wp\/v2\/types\/product"}],"wp:featuredmedia":[{"embeddable":true,"href":"https:\/\/benigal.eu\/index.php\/wp-json\/wp\/v2\/media\/2651"}],"wp:attachment":[{"href":"https:\/\/benigal.eu\/index.php\/wp-json\/wp\/v2\/media?parent=2646"}],"wp:term":[{"taxonomy":"product_cat","embeddable":true,"href":"https:\/\/benigal.eu\/index.php\/wp-json\/wp\/v2\/product_cat?post=2646"},{"taxonomy":"product_tag","embeddable":true,"href":"https:\/\/benigal.eu\/index.php\/wp-json\/wp\/v2\/product_tag?post=2646"}],"curies":[{"name":"wp","href":"https:\/\/api.w.org\/{rel}","templated":true}]}}