{"id":2654,"date":"2024-02-23T15:22:13","date_gmt":"2024-02-23T15:22:13","guid":{"rendered":"https:\/\/benigal.eu\/?post_type=product&#038;p=2654"},"modified":"2025-04-23T15:04:00","modified_gmt":"2025-04-23T15:04:00","slug":"kit-de-reparacao-de-relogio-eventronic-tf58","status":"publish","type":"product","link":"https:\/\/benigal.eu\/index.php\/product\/kit-de-reparacao-de-relogio-eventronic-tf58\/","title":{"rendered":"Kit de Repara\u00e7\u00e3o de Rel\u00f3gio Eventronic TF58"},"content":{"rendered":"<p>O que est\u00e1 inclu\u00eddo neste kit de repara\u00e7\u00e3o de rel\u00f3gios:<\/p>\n<p>1 * 3 abridor de caixa ajust\u00e1vel de mand\u00edbula<br \/>\n1 martelo pequeno<br \/>\n1 pin\u00e7a<br \/>\n1 * suporte de caixa de rel\u00f3gio<br \/>\n1 x suporte de banda de rel\u00f3gio<br \/>\n1 chave de fenda dourada de precis\u00e3o<br \/>\n1 x pino de barra de mola dourado com escala<br \/>\n1 x abridor de facas de alavanca de rel\u00f3gio laranja<br \/>\n2 pontas de barra de mola de ouro<br \/>\n3 pun\u00e7\u00f5es<br \/>\n3 x pontas substitu\u00eddas do removedor de banda de rel\u00f3gio<br \/>\n5 * chave de fenda 18 * acess\u00f3rios para abrir caixas de rel\u00f3gio<br \/>\n108 x barras de mola de correia 8 ~ 25 mm<br \/>\n1 pano limpo<br \/>\n1 removedor de banda de rel\u00f3gio<br \/>\n1 estojo de transporte de PU<\/p>\n","protected":false},"excerpt":{"rendered":"<p>Repara\u00e7\u00e3o de rel\u00f3gios profissional de ferramentas rel\u00f3gio barra de mola 149 pe\u00e7as kits TF58.<\/p>\n","protected":false},"featured_media":2655,"template":"","meta":[],"product_cat":[15],"product_tag":[],"jetpack_sharing_enabled":true,"_links":{"self":[{"href":"https:\/\/benigal.eu\/index.php\/wp-json\/wp\/v2\/product\/2654"}],"collection":[{"href":"https:\/\/benigal.eu\/index.php\/wp-json\/wp\/v2\/product"}],"about":[{"href":"https:\/\/benigal.eu\/index.php\/wp-json\/wp\/v2\/types\/product"}],"wp:featuredmedia":[{"embeddable":true,"href":"https:\/\/benigal.eu\/index.php\/wp-json\/wp\/v2\/media\/2655"}],"wp:attachment":[{"href":"https:\/\/benigal.eu\/index.php\/wp-json\/wp\/v2\/media?parent=2654"}],"wp:term":[{"taxonomy":"product_cat","embeddable":true,"href":"https:\/\/benigal.eu\/index.php\/wp-json\/wp\/v2\/product_cat?post=2654"},{"taxonomy":"product_tag","embeddable":true,"href":"https:\/\/benigal.eu\/index.php\/wp-json\/wp\/v2\/product_tag?post=2654"}],"curies":[{"name":"wp","href":"https:\/\/api.w.org\/{rel}","templated":true}]}}